{"id":1283,"date":"2011-11-01T17:44:58","date_gmt":"2011-11-01T15:44:58","guid":{"rendered":"http:\/\/xn--hftessamlarna-bfb.se\/?page_id=1283"},"modified":"2023-09-30T10:49:27","modified_gmt":"2023-09-30T09:49:27","slug":"h520-philip-von-shantz","status":"publish","type":"page","link":"https:\/\/xn--hftessamlarna-bfb.se\/?page_id=1283","title":{"rendered":"H520 Philip von Schantz"},"content":{"rendered":"<p><a href=\"https:\/\/xn--hftessamlarna-bfb.se\/wp-content\/uploads\/H-0520-header-2000.jpg\" rel=\"attachment wp-att-2191\"><img loading=\"lazy\" decoding=\"async\" class=\"alignnone wp-image-7265 size-full\" title=\"H520\" src=\"https:\/\/xn--hftessamlarna-bfb.se\/wp-content\/uploads\/H-0520-header-2000.jpg\" alt=\"\" width=\"960\" height=\"931\" srcset=\"https:\/\/xn--hftessamlarna-bfb.se\/wp-content\/uploads\/H-0520-header-2000.jpg 960w, https:\/\/xn--hftessamlarna-bfb.se\/wp-content\/uploads\/H-0520-header-2000-300x291.jpg 300w, https:\/\/xn--hftessamlarna-bfb.se\/wp-content\/uploads\/H-0520-header-2000-150x145.jpg 150w, https:\/\/xn--hftessamlarna-bfb.se\/wp-content\/uploads\/H-0520-header-2000-768x745.jpg 768w, https:\/\/xn--hftessamlarna-bfb.se\/wp-content\/uploads\/H-0520-header-2000-309x300.jpg 309w\" sizes=\"auto, (max-width: 960px) 100vw, 960px\" \/><\/a>Utgivningsdag 2000-05-09<br \/>\nF 2193 &#8211; 2194<br \/>\n10 \u00d7 inrikes brev, tv\u00e5 motiv<br \/>\nTryckta i 4 f\u00e4rger offset i 3:e Goebelpressen\u00a0 med 2 olika cylindrar (I och II)<br \/>\nInh\u00e4ftningen har gjorts i b\u00e5da h\u00e4ftesmaskinerna varf\u00f6r det finns tv\u00e5 h\u00e4ftestyper<br \/>\nUpplaga ok\u00e4nd<\/p>\n<p><strong>Ny indelning mars 2019<\/strong><\/p>\n<h2>Typer<\/h2>\n<p><strong>A<\/strong>\u00a0L\u00e4ngd p\u00e5 h\u00e4ftet 195 mm<br \/>\n<strong>A1<\/strong> 27 punkters streckperforering<br \/>\n<strong>A2<\/strong>\u00a022 punkters streckperforering<\/p>\n<p><strong>B<\/strong>\u00a0L\u00e4ngd p\u00e5 h\u00e4ftet 192\u2013193 mm, 22 punkters streckperforering<\/p>\n<p>Det nya \u00e4r att I och II bytes till A och B i beteckningarna. Det d\u00e5varande A i de gamla beteckningarna hade ingen funktion utan var d\u00e4r bara som en separator. H\u00e4ften som i Atlas Handbok ben\u00e4mns H520I f\u00e5r nu beteckningen H520A och h\u00e4ften H520II f\u00e5r nu beteckningen H520B.<\/p>\n<p>H520A1 och H520A2 indelas i<\/p>\n<p><strong>a<\/strong> M\u00e5ttet p\u00e5 trycket p\u00e5 insidan av omslaget \u00e4r y =187 mm<br \/>\n<strong>b <\/strong>M\u00e5ttet p\u00e5 trycket p\u00e5 insidan av omslaget \u00e4r y =185 mm<\/p>\n<p>I Atlas Handbok n\u00e4mns att trycket p\u00e5 insidan av omslaget kan ha olika l\u00e4ngd. Nu inf\u00f6rs beteckning f\u00f6r detta.\u00a0 M\u00e5ttet p\u00e5 trycket p\u00e5 insidan av omslaget av H520B \u00e4r 187 mm. I analogi med H520A s\u00e5 skulle en \u201dfullst\u00e4ndig\u201d beteckning vara H520B2a, men d\u00e5 det endast finns en variant s\u00e5 duger det korta H520B lika bra. Den nya uppdelningen av H520 blir allts\u00e5 A1a, A1b, A2a, A2b och B.<\/p>\n<h2>Markeringar<\/h2>\n<p><strong>A1a R<\/strong>\u00a0y=187, regm =8,0, d=4,6-4,8<br \/>\nRT 8 \u00d7 2 mm svart<br \/>\ncyls 1 (3,0 mm fr\u00e5n bild)<br \/>\ncyls 2 (3,1 mm fr\u00e5n bild)<\/p>\n<p><strong>A1a N<\/strong>\u00a0y=187, regm =8,0, d=4,2<br \/>\nRT 8 \u00d7 2 mm svart<br \/>\ncyls 1 (2,8 mm fr\u00e5n bild)<br \/>\ncyls 2 (2,8 mm fr\u00e5n bild)<br \/>\nhelt kn BS2 (2,4 mm)<\/p>\n<p><strong>A1b R<\/strong>\u00a0y=185, regm =8,0, d=4,6-4,8<br \/>\nRT 8 \u00d7 2 mm svart<br \/>\ncyls 1 (3,0 mm fr\u00e5n bild)<br \/>\ncyls 2 (3,1 mm fr\u00e5n bild)<\/p>\n<p><strong>A1b N<\/strong>\u00a0y=185, regm =8,0, d=4,2<br \/>\nRT 8 \u00d7 2 mm svart<br \/>\ncyls 1 (2,8 mm fr\u00e5n bild)<br \/>\ncyls 2 (2,8 mm fr\u00e5n bild)<br \/>\nhelt kn BS2 (2,4 mm)<\/p>\n<p><strong>A2a R<\/strong>\u00a0y=187, regm =8,0, d=4,6-4,8<br \/>\nRT 7,2 \u00d7 1,8 mm svart<br \/>\ncyls 1 (3,0 mm fr\u00e5n bild)<br \/>\ncyls 2 (3,1 mm fr\u00e5n bild)<\/p>\n<p><strong>A2a N<\/strong>\u00a0y=187, regm =8,0, d=4,2<br \/>\nRT 7,2 \u00d7 1,8 mm svart<br \/>\ncyls 1 (2,8 mm fr\u00e5n bild)<br \/>\ncyls 2 (2,8 mm fr\u00e5n bild)<br \/>\nhelt kn BS2 (2,4 mm)<\/p>\n<p><strong>A2b R<\/strong>\u00a0y=185, regm =8,0, d=4,6-4,8<br \/>\nRT 7,2 \u00d7 1,8 mm svart<br \/>\ncyls 1 (3,0 mm fr\u00e5n bild)<br \/>\ncyls 2 (3,1 mm fr\u00e5n bild)<\/p>\n<p><strong>A2b N<\/strong>\u00a0y=185, regm =8,0, d=4,2<br \/>\nRT 7,2 \u00d7 1,8 mm svart<br \/>\ncyls 1 (2,8 mm fr\u00e5n bild)<br \/>\ncyls 2 (2,8 mm fr\u00e5n bild)<br \/>\nhelt kn BS2 (2,4 mm)<\/p>\n<p><strong>B R<\/strong>\u00a0y=187, regm =8,0, d=4,8<br \/>\nRT 6,5 \u00d7 2 mm svart<br \/>\ncyls 1 (3,5 mm fr\u00e5n bild)<br \/>\ncyls 2 (3,6 mm fr\u00e5n bild)<\/p>\n<p><strong>B N<\/strong>\u00a0y=187, regm =7,5, d=4,8<br \/>\nRT 6,5 \u00d7 2 mm svart<br \/>\ncyls 1 (3,5 mm fr\u00e5n bild)<br \/>\ncyls 2 (3,6 mm fr\u00e5n bild)<br \/>\nhelt kn BS2 (2,4 mm)<\/p>\n<h2>\u00d6vrigt<\/h2>\n<p>Kn BS2 \u00e4r en ny typ av kn d\u00e4r varje siffra \u00e4r ca 4,2 mm bred till skillnad fr\u00e5n kn BS1 som har ca 2,3 mm breda siffror<\/p>\n<h2>L\u00e4s mer<\/h2>\n<p>Vem var Philip von Schantz? L\u00e4nk till <a href=\"http:\/\/sv.wikipedia.org\/wiki\/Philip_von_Schantz\" target=\"_blank\" rel=\"noopener noreferrer\">Wikipedia<\/a><\/p>\n","protected":false},"excerpt":{"rendered":"<p>Utgivningsdag 2000-05-09 F 2193 &#8211; 2194 10 \u00d7 inrikes brev, tv\u00e5 motiv Tryckta i 4 f\u00e4rger offset i 3:e Goebelpressen\u00a0 med 2 olika cylindrar (I och II) Inh\u00e4ftningen har gjorts i b\u00e5da h\u00e4ftesmaskinerna varf\u00f6r det finns tv\u00e5 h\u00e4ftestyper Upplaga ok\u00e4nd &hellip; <a href=\"https:\/\/xn--hftessamlarna-bfb.se\/?page_id=1283\">Forts\u00e4tt l\u00e4sa <span class=\"meta-nav\">&rarr;<\/span><\/a><\/p>\n","protected":false},"author":1,"featured_media":0,"parent":2372,"menu_order":520,"comment_status":"open","ping_status":"open","template":"","meta":{"footnotes":""},"class_list":["post-1283","page","type-page","status-publish","hentry"],"_links":{"self":[{"href":"https:\/\/xn--hftessamlarna-bfb.se\/index.php?rest_route=\/wp\/v2\/pages\/1283","targetHints":{"allow":["GET"]}}],"collection":[{"href":"https:\/\/xn--hftessamlarna-bfb.se\/index.php?rest_route=\/wp\/v2\/pages"}],"about":[{"href":"https:\/\/xn--hftessamlarna-bfb.se\/index.php?rest_route=\/wp\/v2\/types\/page"}],"author":[{"embeddable":true,"href":"https:\/\/xn--hftessamlarna-bfb.se\/index.php?rest_route=\/wp\/v2\/users\/1"}],"replies":[{"embeddable":true,"href":"https:\/\/xn--hftessamlarna-bfb.se\/index.php?rest_route=%2Fwp%2Fv2%2Fcomments&post=1283"}],"version-history":[{"count":0,"href":"https:\/\/xn--hftessamlarna-bfb.se\/index.php?rest_route=\/wp\/v2\/pages\/1283\/revisions"}],"up":[{"embeddable":true,"href":"https:\/\/xn--hftessamlarna-bfb.se\/index.php?rest_route=\/wp\/v2\/pages\/2372"}],"wp:attachment":[{"href":"https:\/\/xn--hftessamlarna-bfb.se\/index.php?rest_route=%2Fwp%2Fv2%2Fmedia&parent=1283"}],"curies":[{"name":"wp","href":"https:\/\/api.w.org\/{rel}","templated":true}]}}