{"id":1280,"date":"2011-11-01T17:41:35","date_gmt":"2011-11-01T15:41:35","guid":{"rendered":"http:\/\/xn--hftessamlarna-bfb.se\/?page_id=1280"},"modified":"2014-01-13T10:49:34","modified_gmt":"2014-01-13T09:49:34","slug":"h521-oresundsbron","status":"publish","type":"page","link":"https:\/\/xn--hftessamlarna-bfb.se\/?page_id=1280","title":{"rendered":"H521 \u00d6resundsf\u00f6rbindelsen"},"content":{"rendered":"<p><a href=\"http:\/\/xn--hftessamlarna-bfb.se\/?attachment_id=2188\" rel=\"attachment wp-att-2188\"><img loading=\"lazy\" decoding=\"async\" class=\"aligncenter size-full wp-image-2188\" title=\"H521\" alt=\"\" src=\"http:\/\/xn--hftessamlarna-bfb.se\/wp-content\/uploads\/H521.jpg\" width=\"960\" height=\"619\" srcset=\"https:\/\/xn--hftessamlarna-bfb.se\/wp-content\/uploads\/H521.jpg 960w, https:\/\/xn--hftessamlarna-bfb.se\/wp-content\/uploads\/H521-150x96.jpg 150w, https:\/\/xn--hftessamlarna-bfb.se\/wp-content\/uploads\/H521-300x193.jpg 300w, https:\/\/xn--hftessamlarna-bfb.se\/wp-content\/uploads\/H521-465x300.jpg 465w\" sizes=\"auto, (max-width: 960px) 100vw, 960px\" \/><\/a>Utgivningsdag 2000-05-09<br \/>\nF 2196 &#8211; 2197<br \/>\n4 x 6 kr, tv\u00e5 motiv<br \/>\nFrim\u00e4rket \u00d6resundsbron \u00e4r tryckt i kombination 1 f\u00e4rg st\u00e5ltryck och 4 f\u00e4rger offset i 3:e Goebelpressen och frim\u00e4rket \u00d6resundsregionen \u00e4r tryckt i 4 f\u00e4rger offset i 3:e Goebelpressen<br \/>\nInh\u00e4ftningen har gjorts i den 5:e h\u00e4ftesmaskinen<br \/>\n22 punkters streckperforering i rygg<br \/>\nH\u00e4ftet inneh\u00e5ller ocks\u00e5 ett block med 4 prioritaireetiketter, sammanh\u00e4ngande med frim\u00e4rkena genom ett \u201dgutter\u201d, vilket fungerar som inh\u00e4ftningsremsa<br \/>\nUpplaga ok\u00e4nd<\/p>\n<h2>Markeringar<\/h2>\n<p>RT 7,2 x 1,4 mm svart (smalt)<br \/>\nRT 7,2 x 1,8 mm svart (brett)<br \/>\ncyls 1<br \/>\ncyls 2<br \/>\nhelt kn BS1 (2,5 mm)<\/p>\n","protected":false},"excerpt":{"rendered":"<p>Utgivningsdag 2000-05-09 F 2196 &#8211; 2197 4 x 6 kr, tv\u00e5 motiv Frim\u00e4rket \u00d6resundsbron \u00e4r tryckt i kombination 1 f\u00e4rg st\u00e5ltryck och 4 f\u00e4rger offset i 3:e Goebelpressen och frim\u00e4rket \u00d6resundsregionen \u00e4r tryckt i 4 f\u00e4rger offset i 3:e Goebelpressen &hellip; <a href=\"https:\/\/xn--hftessamlarna-bfb.se\/?page_id=1280\">Forts\u00e4tt l\u00e4sa <span class=\"meta-nav\">&rarr;<\/span><\/a><\/p>\n","protected":false},"author":1,"featured_media":0,"parent":2372,"menu_order":521,"comment_status":"open","ping_status":"open","template":"","meta":{"footnotes":""},"class_list":["post-1280","page","type-page","status-publish","hentry"],"_links":{"self":[{"href":"https:\/\/xn--hftessamlarna-bfb.se\/index.php?rest_route=\/wp\/v2\/pages\/1280","targetHints":{"allow":["GET"]}}],"collection":[{"href":"https:\/\/xn--hftessamlarna-bfb.se\/index.php?rest_route=\/wp\/v2\/pages"}],"about":[{"href":"https:\/\/xn--hftessamlarna-bfb.se\/index.php?rest_route=\/wp\/v2\/types\/page"}],"author":[{"embeddable":true,"href":"https:\/\/xn--hftessamlarna-bfb.se\/index.php?rest_route=\/wp\/v2\/users\/1"}],"replies":[{"embeddable":true,"href":"https:\/\/xn--hftessamlarna-bfb.se\/index.php?rest_route=%2Fwp%2Fv2%2Fcomments&post=1280"}],"version-history":[{"count":0,"href":"https:\/\/xn--hftessamlarna-bfb.se\/index.php?rest_route=\/wp\/v2\/pages\/1280\/revisions"}],"up":[{"embeddable":true,"href":"https:\/\/xn--hftessamlarna-bfb.se\/index.php?rest_route=\/wp\/v2\/pages\/2372"}],"wp:attachment":[{"href":"https:\/\/xn--hftessamlarna-bfb.se\/index.php?rest_route=%2Fwp%2Fv2%2Fmedia&parent=1280"}],"curies":[{"name":"wp","href":"https:\/\/api.w.org\/{rel}","templated":true}]}}