{"id":1274,"date":"2011-11-01T17:34:38","date_gmt":"2011-11-01T15:34:38","guid":{"rendered":"http:\/\/xn--hftessamlarna-bfb.se\/?page_id=1274"},"modified":"2014-01-13T10:47:21","modified_gmt":"2014-01-13T09:47:21","slug":"h523-leksaker","status":"publish","type":"page","link":"https:\/\/xn--hftessamlarna-bfb.se\/?page_id=1274","title":{"rendered":"H523 Leksaker"},"content":{"rendered":"<p><a href=\"http:\/\/xn--hftessamlarna-bfb.se\/?attachment_id=2186\" rel=\"attachment wp-att-2186\"><img loading=\"lazy\" decoding=\"async\" class=\"aligncenter size-full wp-image-2186\" title=\"H523\" alt=\"\" src=\"http:\/\/xn--hftessamlarna-bfb.se\/wp-content\/uploads\/H523.jpg\" width=\"960\" height=\"617\" srcset=\"https:\/\/xn--hftessamlarna-bfb.se\/wp-content\/uploads\/H523.jpg 960w, https:\/\/xn--hftessamlarna-bfb.se\/wp-content\/uploads\/H523-150x96.jpg 150w, https:\/\/xn--hftessamlarna-bfb.se\/wp-content\/uploads\/H523-300x192.jpg 300w, https:\/\/xn--hftessamlarna-bfb.se\/wp-content\/uploads\/H523-466x300.jpg 466w\" sizes=\"auto, (max-width: 960px) 100vw, 960px\" \/><\/a>Utgivningsdag 2000-10-07<br \/>\nF 2211 &#8211; 2216<br \/>\n6 x inrikes brev, sex motiv<br \/>\nTryckta i kombination 1 f\u00e4rg st\u00e5ltryck och 4 f\u00e4rger offset i 3:e Goebelpressen<br \/>\nInh\u00e4ftningen har gjorts i den 5:e h\u00e4ftesmaskinen<br \/>\n62,5 mm breda, 12 inlagor\/varv, 1 kn\/varv<br \/>\n22 punkters streckperforering i rygg<br \/>\nUpplaga ok\u00e4nd<\/p>\n<h2>Markeringar<\/h2>\n<p>RT 7,2 x 1,4 mm svart (smalt)<br \/>\nRT 7,2 x 1,8 mm svart (brett)<br \/>\ncyls 1 (aldrig i kombination med kn)<br \/>\ncyls 2 (alltid i kombination med kn)<br \/>\nhelt kn BS p\u00e5 IR (2,7 mm)<\/p>\n","protected":false},"excerpt":{"rendered":"<p>Utgivningsdag 2000-10-07 F 2211 &#8211; 2216 6 x inrikes brev, sex motiv Tryckta i kombination 1 f\u00e4rg st\u00e5ltryck och 4 f\u00e4rger offset i 3:e Goebelpressen Inh\u00e4ftningen har gjorts i den 5:e h\u00e4ftesmaskinen 62,5 mm breda, 12 inlagor\/varv, 1 kn\/varv 22 &hellip; <a href=\"https:\/\/xn--hftessamlarna-bfb.se\/?page_id=1274\">Forts\u00e4tt l\u00e4sa <span class=\"meta-nav\">&rarr;<\/span><\/a><\/p>\n","protected":false},"author":1,"featured_media":0,"parent":2372,"menu_order":523,"comment_status":"open","ping_status":"open","template":"","meta":{"footnotes":""},"class_list":["post-1274","page","type-page","status-publish","hentry"],"_links":{"self":[{"href":"https:\/\/xn--hftessamlarna-bfb.se\/index.php?rest_route=\/wp\/v2\/pages\/1274","targetHints":{"allow":["GET"]}}],"collection":[{"href":"https:\/\/xn--hftessamlarna-bfb.se\/index.php?rest_route=\/wp\/v2\/pages"}],"about":[{"href":"https:\/\/xn--hftessamlarna-bfb.se\/index.php?rest_route=\/wp\/v2\/types\/page"}],"author":[{"embeddable":true,"href":"https:\/\/xn--hftessamlarna-bfb.se\/index.php?rest_route=\/wp\/v2\/users\/1"}],"replies":[{"embeddable":true,"href":"https:\/\/xn--hftessamlarna-bfb.se\/index.php?rest_route=%2Fwp%2Fv2%2Fcomments&post=1274"}],"version-history":[{"count":0,"href":"https:\/\/xn--hftessamlarna-bfb.se\/index.php?rest_route=\/wp\/v2\/pages\/1274\/revisions"}],"up":[{"embeddable":true,"href":"https:\/\/xn--hftessamlarna-bfb.se\/index.php?rest_route=\/wp\/v2\/pages\/2372"}],"wp:attachment":[{"href":"https:\/\/xn--hftessamlarna-bfb.se\/index.php?rest_route=%2Fwp%2Fv2%2Fmedia&parent=1274"}],"curies":[{"name":"wp","href":"https:\/\/api.w.org\/{rel}","templated":true}]}}