{"id":1261,"date":"2011-11-01T17:15:01","date_gmt":"2011-11-01T15:15:01","guid":{"rendered":"http:\/\/xn--hftessamlarna-bfb.se\/?page_id=1261"},"modified":"2023-09-26T05:23:09","modified_gmt":"2023-09-26T04:23:09","slug":"h526-jul-2000","status":"publish","type":"page","link":"https:\/\/xn--hftessamlarna-bfb.se\/?page_id=1261","title":{"rendered":"H526 Jul 2000 \u2013 Sn\u00f6flingor"},"content":{"rendered":"<p><a href=\"https:\/\/xn--hftessamlarna-bfb.se\/wp-content\/uploads\/H-0526-header-2000.jpg\" rel=\"attachment wp-att-2827\"><img loading=\"lazy\" decoding=\"async\" class=\"alignnone wp-image-7255 size-full\" title=\"H526\" src=\"https:\/\/xn--hftessamlarna-bfb.se\/wp-content\/uploads\/H-0526-header-2000.jpg\" alt=\"\" width=\"960\" height=\"936\" srcset=\"https:\/\/xn--hftessamlarna-bfb.se\/wp-content\/uploads\/H-0526-header-2000.jpg 960w, https:\/\/xn--hftessamlarna-bfb.se\/wp-content\/uploads\/H-0526-header-2000-300x293.jpg 300w, https:\/\/xn--hftessamlarna-bfb.se\/wp-content\/uploads\/H-0526-header-2000-150x146.jpg 150w, https:\/\/xn--hftessamlarna-bfb.se\/wp-content\/uploads\/H-0526-header-2000-768x749.jpg 768w, https:\/\/xn--hftessamlarna-bfb.se\/wp-content\/uploads\/H-0526-header-2000-308x300.jpg 308w\" sizes=\"auto, (max-width: 960px) 100vw, 960px\" \/><\/a> Utgivningsdag 2000-11-16<br \/>\nF 2224 &#8211; 2225<br \/>\n10 \u00d7 6 kr, tv\u00e5 motiv<br \/>\nTryckta i 4 f\u00e4rger offset i 3:e Goebelpressen<br \/>\nH\u00e4ftesomslaget \u00e4r tryckt i Giebelerpressen<br \/>\nInh\u00e4ftningen har gjorts i den 5:e h\u00e4ftesmaskinen<br \/>\n22 punkters streckperforering<br \/>\nH\u00e4ftet inneh\u00e5ller ocks\u00e5 ett block med tio prioritaireetiketter, sammanh\u00e4ngande med frim\u00e4rkena genom ett \u201dgutter\u201d, vilket fungerar som inh\u00e4ftningsremsa<br \/>\nUpplaga ok\u00e4nd<\/p>\n<h2>Markeringar<\/h2>\n<p>RT 7,2 \u00d7 1,4 mm svart (smalt)<br \/>\nRT 7,2 \u00d7 1,8 mm svart (brett)<br \/>\ncyls 1<br \/>\ncyls 2<br \/>\nhelt kn BS (2,8 mm) p\u00e5 KR<\/p>\n<h2>\u00d6vrigt<\/h2>\n<p>Silver i fyrkant p\u00e5 IR<br \/>\n2 bl\u00e5 fyrkanter p\u00e5 IR<br \/>\nDel av kors p\u00e5 IR<\/p>\n","protected":false},"excerpt":{"rendered":"<p>Utgivningsdag 2000-11-16 F 2224 &#8211; 2225 10 \u00d7 6 kr, tv\u00e5 motiv Tryckta i 4 f\u00e4rger offset i 3:e Goebelpressen H\u00e4ftesomslaget \u00e4r tryckt i Giebelerpressen Inh\u00e4ftningen har gjorts i den 5:e h\u00e4ftesmaskinen 22 punkters streckperforering H\u00e4ftet inneh\u00e5ller ocks\u00e5 ett block &hellip; <a href=\"https:\/\/xn--hftessamlarna-bfb.se\/?page_id=1261\">Forts\u00e4tt l\u00e4sa <span class=\"meta-nav\">&rarr;<\/span><\/a><\/p>\n","protected":false},"author":1,"featured_media":0,"parent":2372,"menu_order":526,"comment_status":"open","ping_status":"open","template":"","meta":{"footnotes":""},"class_list":["post-1261","page","type-page","status-publish","hentry"],"_links":{"self":[{"href":"https:\/\/xn--hftessamlarna-bfb.se\/index.php?rest_route=\/wp\/v2\/pages\/1261","targetHints":{"allow":["GET"]}}],"collection":[{"href":"https:\/\/xn--hftessamlarna-bfb.se\/index.php?rest_route=\/wp\/v2\/pages"}],"about":[{"href":"https:\/\/xn--hftessamlarna-bfb.se\/index.php?rest_route=\/wp\/v2\/types\/page"}],"author":[{"embeddable":true,"href":"https:\/\/xn--hftessamlarna-bfb.se\/index.php?rest_route=\/wp\/v2\/users\/1"}],"replies":[{"embeddable":true,"href":"https:\/\/xn--hftessamlarna-bfb.se\/index.php?rest_route=%2Fwp%2Fv2%2Fcomments&post=1261"}],"version-history":[{"count":0,"href":"https:\/\/xn--hftessamlarna-bfb.se\/index.php?rest_route=\/wp\/v2\/pages\/1261\/revisions"}],"up":[{"embeddable":true,"href":"https:\/\/xn--hftessamlarna-bfb.se\/index.php?rest_route=\/wp\/v2\/pages\/2372"}],"wp:attachment":[{"href":"https:\/\/xn--hftessamlarna-bfb.se\/index.php?rest_route=%2Fwp%2Fv2%2Fmedia&parent=1261"}],"curies":[{"name":"wp","href":"https:\/\/api.w.org\/{rel}","templated":true}]}}