{"id":1248,"date":"2011-11-01T09:27:19","date_gmt":"2011-11-01T07:27:19","guid":{"rendered":"http:\/\/xn--hftessamlarna-bfb.se\/?page_id=1248"},"modified":"2021-11-30T18:35:35","modified_gmt":"2021-11-30T17:35:35","slug":"h530-europa-2001","status":"publish","type":"page","link":"https:\/\/xn--hftessamlarna-bfb.se\/?page_id=1248","title":{"rendered":"H530 Europa 2001 &#8211; Vattnet en naturrikedom"},"content":{"rendered":"<p><a href=\"http:\/\/xn--hftessamlarna-bfb.se\/?attachment_id=2205\" rel=\"attachment wp-att-2205\"><img loading=\"lazy\" decoding=\"async\" class=\"aligncenter size-full wp-image-2205\" title=\"H530\" src=\"http:\/\/xn--hftessamlarna-bfb.se\/wp-content\/uploads\/H530.jpg\" alt=\"\" width=\"960\" height=\"619\" srcset=\"https:\/\/xn--hftessamlarna-bfb.se\/wp-content\/uploads\/H530.jpg 960w, https:\/\/xn--hftessamlarna-bfb.se\/wp-content\/uploads\/H530-150x96.jpg 150w, https:\/\/xn--hftessamlarna-bfb.se\/wp-content\/uploads\/H530-300x193.jpg 300w, https:\/\/xn--hftessamlarna-bfb.se\/wp-content\/uploads\/H530-465x300.jpg 465w\" sizes=\"auto, (max-width: 960px) 100vw, 960px\" \/><\/a>Utgivningsdag 2001-03-22<br \/>\nF 2245 &#8211; 2248<br \/>\n4 \u00d7 7 kr, fyra motiv<br \/>\nTryckta i 4 f\u00e4rger offset i 3:e Goebelpressen<br \/>\nH\u00e4ftesomslaget \u00e4r tryckt i Giebelerpressen<br \/>\nInh\u00e4ftningen har gjorts i b\u00e5da h\u00e4ftesmaskinerna, varf\u00f6r tv\u00e5 olika h\u00e4ftestyper har uppkommit<br \/>\nH\u00e4ftet inneh\u00e5ller ocks\u00e5 ett block med 4 prioritaireetiketter, sammanh\u00e4ngande med frim\u00e4rkena genom ett \u201dgutter\u201d, vilket fungerar som inh\u00e4ftningsremsa<br \/>\nUpplaga ok\u00e4nd<\/p>\n<h2>Ny indelning juni 2018<\/h2>\n<p><strong>H530<\/strong> har\u00a0gummering som genomg\u00e5ende har punktgropar efter bl\u00e5sor i gummeringen. Bortsett fr\u00e5n punktgropar kan gummeringen vara sl\u00e4t, ha fina j\u00e4mna r\u00e4fflor \u00f6ver hela inlagan som p\u00e5 H498a eller ha oj\u00e4mna oregelbundet f\u00f6rekommande r\u00e4fflor. H530A1 har sl\u00e4t gummering medan p\u00e5 H530A2 finns med alla tre varianterna.\u00a0Om detta skall leda till katalogisering \u00e4r under utredning.<\/p>\n<h2>Typer<\/h2>\n<p><strong>A1<\/strong> 27 punkters ryggperforering och bred streckperforering till prioritaireetiketterna<br \/>\n<strong>A2<\/strong> 22 punkters ryggperforering och smal streckperforering till prioritaireetiketterna<\/p>\n<h2>Markeringar<\/h2>\n<p><a href=\"https:\/\/xn--hftessamlarna-bfb.se\/wp-content\/uploads\/H-0530-info-2001.jpg\"><img loading=\"lazy\" decoding=\"async\" class=\"alignnone wp-image-6761 size-medium\" src=\"https:\/\/xn--hftessamlarna-bfb.se\/wp-content\/uploads\/H-0530-info-2001-300x185.jpg\" alt=\"\" width=\"300\" height=\"185\" srcset=\"https:\/\/xn--hftessamlarna-bfb.se\/wp-content\/uploads\/H-0530-info-2001-300x185.jpg 300w, https:\/\/xn--hftessamlarna-bfb.se\/wp-content\/uploads\/H-0530-info-2001-150x92.jpg 150w, https:\/\/xn--hftessamlarna-bfb.se\/wp-content\/uploads\/H-0530-info-2001-768x473.jpg 768w, https:\/\/xn--hftessamlarna-bfb.se\/wp-content\/uploads\/H-0530-info-2001-487x300.jpg 487w, https:\/\/xn--hftessamlarna-bfb.se\/wp-content\/uploads\/H-0530-info-2001.jpg 884w\" sizes=\"auto, (max-width: 300px) 100vw, 300px\" \/><\/a><\/p>\n<p><strong>A1R<\/strong><br \/>\ndelat regm 6,2<br \/>\nRT 4 \u00d7 3 mm BS svart<br \/>\ncyls 1 (3,3 mm fr\u00e5n bild)<br \/>\ncyls 2 (3,4 mm fr\u00e5n bild)<\/p>\n<p><strong>A1N<\/strong><br \/>\ndelat regm 5,9<br \/>\nRT 4 \u00d7 3 mm BS svart<br \/>\ncyls 1 (3,5 mm fr\u00e5n bild)<br \/>\ncyls 2 (3,6 mm fr\u00e5n bild)<br \/>\nhelt kn BS<\/p>\n<p><strong>A2R<\/strong><br \/>\ndelat regm 6,2<br \/>\nRT 6,5 \u00d7 1,8 mm svart<br \/>\nRT 4 \u00d7 3 mm BS svart<br \/>\ncyls 1 (3,3 mm fr\u00e5n bild)<br \/>\ncyls 2 (3,4 mm fr\u00e5n bild)<\/p>\n<p><strong>A2N<\/strong><br \/>\ndelat regm 5,9<br \/>\nRT 6,5 \u00d7 1,8 mm svart<br \/>\nRT 6,5 \u00d7 1,4 mm svart<br \/>\nRT 4 \u00d7 3 mm BS svart<br \/>\ncyls 1 (3,5 mm fr\u00e5n bild)<br \/>\ncyls 2 (3,6 mm fr\u00e5n bild)<br \/>\nhelt kn BS<\/p>\n<h2>Fakta om utgivningen<\/h2>\n<p>Varje \u00e5r utarbetas ett gemensamt frim\u00e4rkstema i alla l\u00e4nder inom Posteurop, den europeiska samarbetsorganisationen \u00e4r ocks\u00e5 ov\u00e4rderlig f\u00f6r fritidsb\u00e5tar. Posten i Sverige har valt att visa vattenleder eftersom \u00e5rets tema \u00e4r &#8221;Vattnet en naturrikedom&#8221;.<\/p>\n<p>\u00c5r 1800 stod den f\u00f6rsta kanalleden f\u00f6rbi Trollh\u00e4ttan klar. Det var d\u00e4rmed m\u00f6jligt att utan omlastning ta sig fr\u00e5n V\u00e4nern till V\u00e4sterhavet. Efter den senaste utbyggnaden (1975) kan stora fartyg med ett djupg\u00e5ende upp till 5,4m passera kanalen. Kanalen \u00e4r ocks\u00e5 ov\u00e4rderlig f\u00f6r fritidsb\u00e5tar. Motiven p\u00e5 tv\u00e5 av frim\u00e4rkena \u00e4r 200-\u00e5riga <strong>Trollh\u00e4tte kanal<\/strong>, med tre slussar i Trollh\u00e4ttan. Dessutom syns en <strong>fraktb\u00e5t<\/strong> tillsammans med slussande <strong>kanalb\u00e5ten Juno<\/strong>. Tv\u00e5 frim\u00e4rken visar en <strong>karta \u00f6ver sj\u00f6ar och vattendrag<\/strong> i s\u00f6dra respektive norra Sverige.<\/p>\n<p>De ska bland annat p\u00e5minna om att Sverige under f\u00f6rsta halv\u00e5ret 2001 \u00e4r ordf\u00f6randeland f\u00f6r Eu:s ministerr\u00e5d, d\u00e4r en av de svenska profilfr\u00e5gorna \u00e4r en b\u00e4ttre milj\u00f6. Vattenv\u00e4gen \u00e4r det mest milj\u00f6v\u00e4nliga s\u00e4ttet att transportera.<\/p>\n","protected":false},"excerpt":{"rendered":"<p>Utgivningsdag 2001-03-22 F 2245 &#8211; 2248 4 \u00d7 7 kr, fyra motiv Tryckta i 4 f\u00e4rger offset i 3:e Goebelpressen H\u00e4ftesomslaget \u00e4r tryckt i Giebelerpressen Inh\u00e4ftningen har gjorts i b\u00e5da h\u00e4ftesmaskinerna, varf\u00f6r tv\u00e5 olika h\u00e4ftestyper har uppkommit H\u00e4ftet inneh\u00e5ller ocks\u00e5 &hellip; <a href=\"https:\/\/xn--hftessamlarna-bfb.se\/?page_id=1248\">Forts\u00e4tt l\u00e4sa <span class=\"meta-nav\">&rarr;<\/span><\/a><\/p>\n","protected":false},"author":1,"featured_media":0,"parent":2372,"menu_order":530,"comment_status":"open","ping_status":"open","template":"","meta":{"footnotes":""},"class_list":["post-1248","page","type-page","status-publish","hentry"],"_links":{"self":[{"href":"https:\/\/xn--hftessamlarna-bfb.se\/index.php?rest_route=\/wp\/v2\/pages\/1248","targetHints":{"allow":["GET"]}}],"collection":[{"href":"https:\/\/xn--hftessamlarna-bfb.se\/index.php?rest_route=\/wp\/v2\/pages"}],"about":[{"href":"https:\/\/xn--hftessamlarna-bfb.se\/index.php?rest_route=\/wp\/v2\/types\/page"}],"author":[{"embeddable":true,"href":"https:\/\/xn--hftessamlarna-bfb.se\/index.php?rest_route=\/wp\/v2\/users\/1"}],"replies":[{"embeddable":true,"href":"https:\/\/xn--hftessamlarna-bfb.se\/index.php?rest_route=%2Fwp%2Fv2%2Fcomments&post=1248"}],"version-history":[{"count":0,"href":"https:\/\/xn--hftessamlarna-bfb.se\/index.php?rest_route=\/wp\/v2\/pages\/1248\/revisions"}],"up":[{"embeddable":true,"href":"https:\/\/xn--hftessamlarna-bfb.se\/index.php?rest_route=\/wp\/v2\/pages\/2372"}],"wp:attachment":[{"href":"https:\/\/xn--hftessamlarna-bfb.se\/index.php?rest_route=%2Fwp%2Fv2%2Fmedia&parent=1248"}],"curies":[{"name":"wp","href":"https:\/\/api.w.org\/{rel}","templated":true}]}}