{"id":1243,"date":"2011-11-01T09:22:48","date_gmt":"2011-11-01T07:22:48","guid":{"rendered":"http:\/\/xn--hftessamlarna-bfb.se\/?page_id=1243"},"modified":"2014-01-22T13:55:04","modified_gmt":"2014-01-22T12:55:04","slug":"h531-nobelpriset-100-ar","status":"publish","type":"page","link":"https:\/\/xn--hftessamlarna-bfb.se\/?page_id=1243","title":{"rendered":"H531 Nobelpriset 100 \u00e5r"},"content":{"rendered":"<p><a href=\"http:\/\/xn--hftessamlarna-bfb.se\/?attachment_id=2203\" rel=\"attachment wp-att-2203\"><img loading=\"lazy\" decoding=\"async\" class=\"aligncenter size-full wp-image-2203\" title=\"H531\" alt=\"\" src=\"http:\/\/xn--hftessamlarna-bfb.se\/wp-content\/uploads\/H531.jpg\" width=\"960\" height=\"752\" srcset=\"https:\/\/xn--hftessamlarna-bfb.se\/wp-content\/uploads\/H531.jpg 960w, https:\/\/xn--hftessamlarna-bfb.se\/wp-content\/uploads\/H531-150x117.jpg 150w, https:\/\/xn--hftessamlarna-bfb.se\/wp-content\/uploads\/H531-300x235.jpg 300w, https:\/\/xn--hftessamlarna-bfb.se\/wp-content\/uploads\/H531-382x300.jpg 382w\" sizes=\"auto, (max-width: 960px) 100vw, 960px\" \/><\/a>Utgivningsdag 2001-03-22<br \/>\nF 2249 &#8211; 2252<br \/>\n4 x 8 kr, fyra motiv<br \/>\nFrim\u00e4rkena trycks 1 f\u00e4rg st\u00e5ltryck och 4 f\u00e4rger offset i 3:e Goebelpressen<br \/>\nOmslaget \u00e4r tryckt i Giebelerpressen<br \/>\nInh\u00e4ftningen \u00e4r gjord i 5:e h\u00e4ftesmaskinen<br \/>\n27 punkters streckperforering<br \/>\n75 mm breda, 10 inlagor\/varv, 1 kn\/varv<br \/>\nUpplaga ok\u00e4nd<\/p>\n<h2>Markeringar<\/h2>\n<p>delat regm<br \/>\nRT 7,2 x 1,4 mm svart (smalt)<br \/>\nRT 7,2 x 1,8 mm svart (brett)<br \/>\ncyls 1 fot\/fana, R 3,0 mm fr\u00e5n bild<br \/>\ncyls 1 fot\/fana, N 3,3 mm fr\u00e5n bild<br \/>\ncyls 2 fot\/slinga<br \/>\nhelt kn BS, alltid med cyls 1 fot<\/p>\n<h2>Fakta om utgivningen<\/h2>\n<p>I sitt testamente best\u00e4mde Alfred Nobel att huvuddelen av hans f\u00f6rm\u00f6genhet skulle utg\u00f6ra<br \/>\nen fond vars avkastning skulle g\u00e5 till priser \u00e5t dem &#8221;som under det f\u00f6rlupna \u00e5ret hafva gjort menskligheten den st\u00f6rsta nytta&#8221;. De fem nobelprisen i fysik, kemi, fysiologi eller medicin,<br \/>\nlitteratur och fred har nu delats ut i hundra \u00e5r.<\/p>\n<p>Posten vill uppm\u00e4rksamma nobelprisens betydelse och pristagarnas kreativa arbete genom en frim\u00e4rksutg\u00e5va. Frim\u00e4rkena ges ut i samarbete med postv\u00e4sendet i USA &#8211; bland annat eftersom de flesta pristagarna genom \u00e5ren varit amerikaner. Motiven \u00e4r h\u00e4mtade fr\u00e5n de medaljer i guld som ges till pristagarna. Ett av frim\u00e4rkena visar den <strong>norska fredsprismedaljen<\/strong> samt de <strong>svenska medaljernas tillsida<\/strong> (framsida) tillsammans med <strong>Nobels portr\u00e4tt<\/strong>.<\/p>\n<p>Detta frim\u00e4rke ges \u00e4ven ut i USA. Sverige ger ocks\u00e5 ut tre frim\u00e4rken, d\u00e4r motiven \u00e4r fr\u00e5nsidan (baksidan) av medaljerna i fysiologi eller medicin, fysik och kemi samt litteratur.<\/p>\n<p>Frim\u00e4rkena trycks i en f\u00e4rg st\u00e5ltryck och en offsetf\u00e4rg (guld). Ett h\u00e4fte inneh\u00e5ller fyra m\u00e4rken med porto f\u00f6r post till hela v\u00e4rlden.<\/p>\n","protected":false},"excerpt":{"rendered":"<p>Utgivningsdag 2001-03-22 F 2249 &#8211; 2252 4 x 8 kr, fyra motiv Frim\u00e4rkena trycks 1 f\u00e4rg st\u00e5ltryck och 4 f\u00e4rger offset i 3:e Goebelpressen Omslaget \u00e4r tryckt i Giebelerpressen Inh\u00e4ftningen \u00e4r gjord i 5:e h\u00e4ftesmaskinen 27 punkters streckperforering 75 mm &hellip; <a href=\"https:\/\/xn--hftessamlarna-bfb.se\/?page_id=1243\">Forts\u00e4tt l\u00e4sa <span class=\"meta-nav\">&rarr;<\/span><\/a><\/p>\n","protected":false},"author":1,"featured_media":0,"parent":2372,"menu_order":531,"comment_status":"open","ping_status":"open","template":"","meta":{"footnotes":""},"class_list":["post-1243","page","type-page","status-publish","hentry"],"_links":{"self":[{"href":"https:\/\/xn--hftessamlarna-bfb.se\/index.php?rest_route=\/wp\/v2\/pages\/1243","targetHints":{"allow":["GET"]}}],"collection":[{"href":"https:\/\/xn--hftessamlarna-bfb.se\/index.php?rest_route=\/wp\/v2\/pages"}],"about":[{"href":"https:\/\/xn--hftessamlarna-bfb.se\/index.php?rest_route=\/wp\/v2\/types\/page"}],"author":[{"embeddable":true,"href":"https:\/\/xn--hftessamlarna-bfb.se\/index.php?rest_route=\/wp\/v2\/users\/1"}],"replies":[{"embeddable":true,"href":"https:\/\/xn--hftessamlarna-bfb.se\/index.php?rest_route=%2Fwp%2Fv2%2Fcomments&post=1243"}],"version-history":[{"count":0,"href":"https:\/\/xn--hftessamlarna-bfb.se\/index.php?rest_route=\/wp\/v2\/pages\/1243\/revisions"}],"up":[{"embeddable":true,"href":"https:\/\/xn--hftessamlarna-bfb.se\/index.php?rest_route=\/wp\/v2\/pages\/2372"}],"wp:attachment":[{"href":"https:\/\/xn--hftessamlarna-bfb.se\/index.php?rest_route=%2Fwp%2Fv2%2Fmedia&parent=1243"}],"curies":[{"name":"wp","href":"https:\/\/api.w.org\/{rel}","templated":true}]}}