{"id":1240,"date":"2011-11-01T09:19:24","date_gmt":"2011-11-01T07:19:24","guid":{"rendered":"http:\/\/xn--hftessamlarna-bfb.se\/?page_id=1240"},"modified":"2022-11-13T17:23:42","modified_gmt":"2022-11-13T16:23:42","slug":"h532-pioner","status":"publish","type":"page","link":"https:\/\/xn--hftessamlarna-bfb.se\/?page_id=1240","title":{"rendered":"H532 Pioner"},"content":{"rendered":"<p><a href=\"http:\/\/xn--hftessamlarna-bfb.se\/?attachment_id=2202\" rel=\"attachment wp-att-2202\"><img loading=\"lazy\" decoding=\"async\" class=\"aligncenter size-full wp-image-2202\" title=\"H532\" src=\"http:\/\/xn--hftessamlarna-bfb.se\/wp-content\/uploads\/H532.jpg\" alt=\"\" width=\"960\" height=\"627\" srcset=\"https:\/\/xn--hftessamlarna-bfb.se\/wp-content\/uploads\/H532.jpg 960w, https:\/\/xn--hftessamlarna-bfb.se\/wp-content\/uploads\/H532-150x97.jpg 150w, https:\/\/xn--hftessamlarna-bfb.se\/wp-content\/uploads\/H532-300x195.jpg 300w, https:\/\/xn--hftessamlarna-bfb.se\/wp-content\/uploads\/H532-459x300.jpg 459w\" sizes=\"auto, (max-width: 960px) 100vw, 960px\" \/><\/a>Utgivningsdag 2001-05-17<br \/>\nF 2253 &#8211; 2257<br \/>\n10 x inrikes brev, fem motiv<br \/>\nTryckta i 4 f\u00e4rger offset i 3:e Goebelpressen<br \/>\nH\u00e4ftesomslaget \u00e4r tryckt i Giebelerpressen<br \/>\nInh\u00e4ftningen \u00e4r gjord i den 5:e h\u00e4ftesmaskinen. Tv\u00e5 olika perforeringstrissor har anv\u00e4nts vilket gett upphov till tv\u00e5 h\u00e4ftestyper<br \/>\nUpplaga ok\u00e4nd<\/p>\n<h2>Typer<\/h2>\n<p><strong>A1<\/strong> 22 punkters ryggperforering, y\u00a0= 185 mm<br \/>\n<strong>A2<\/strong> 17 punkters ryggperforering, y = 182 mm<\/p>\n<h2>Markeringar<\/h2>\n<div id=\"attachment_6096\" style=\"width: 310px\" class=\"wp-caption alignnone\"><a href=\"https:\/\/xn--hftessamlarna-bfb.se\/wp-content\/uploads\/H532A1cyls1kn-scaled.jpg\"><img loading=\"lazy\" decoding=\"async\" aria-describedby=\"caption-attachment-6096\" class=\"size-medium wp-image-6096\" src=\"https:\/\/xn--hftessamlarna-bfb.se\/wp-content\/uploads\/H532A1cyls1kn-300x150.jpg\" alt=\"\" width=\"300\" height=\"150\" srcset=\"https:\/\/xn--hftessamlarna-bfb.se\/wp-content\/uploads\/H532A1cyls1kn-300x150.jpg 300w, https:\/\/xn--hftessamlarna-bfb.se\/wp-content\/uploads\/H532A1cyls1kn-1024x513.jpg 1024w, https:\/\/xn--hftessamlarna-bfb.se\/wp-content\/uploads\/H532A1cyls1kn-150x75.jpg 150w, https:\/\/xn--hftessamlarna-bfb.se\/wp-content\/uploads\/H532A1cyls1kn-768x385.jpg 768w, https:\/\/xn--hftessamlarna-bfb.se\/wp-content\/uploads\/H532A1cyls1kn-1536x769.jpg 1536w, https:\/\/xn--hftessamlarna-bfb.se\/wp-content\/uploads\/H532A1cyls1kn-2048x1025.jpg 2048w, https:\/\/xn--hftessamlarna-bfb.se\/wp-content\/uploads\/H532A1cyls1kn-500x250.jpg 500w\" sizes=\"auto, (max-width: 300px) 100vw, 300px\" \/><\/a><p id=\"caption-attachment-6096\" class=\"wp-caption-text\">cyls kan vara sv\u00e5ra att se<\/p><\/div>\n<p><strong>A1R<\/strong><br \/>\ndelat regm 8,1, d=4,8<br \/>\nRT 6,5 x 1,8 mm svart (brett)<br \/>\nRT 6,5 x 1,4 mm svart (smalt)<br \/>\ncyls 1<br \/>\ncyls 2 (3,5 mm fr\u00e5n bild)<\/p>\n<p><strong>A1N<\/strong><br \/>\ndelat regm 7,7, d=5,2<br \/>\nRT 6,5 x 1,8 mm svart (brett)<br \/>\nRT 6,5 x 1,4 mm svart (smalt)<br \/>\ncyls 1 (4,0 mm\u00a0fr\u00e5n bild)<br \/>\ncyls 2 (4,0 mm fr\u00e5n bild)<br \/>\nhelt kn BS<\/p>\n<p><strong>A2R<\/strong><br \/>\ndelat regm 7,1, d=5,2<br \/>\nRT 6,5 x 1,8 mm svart (brett)<br \/>\nRT 6,5 x 1,4 mm svart (smalt)<br \/>\ncyls 1 (5,6 mm\u00a0fr\u00e5n bild)<br \/>\ncyls 2 (5,6 mm fr\u00e5n bild)<\/p>\n<p><strong>A2N<\/strong><br \/>\ndelat regm 7,1, d=5,2<br \/>\nRT 6,5 x 1,8 mm svart (brett)<br \/>\nRT 6,5 x 1,4 mm svart (smalt)<br \/>\ncyls 1 (1,8 mm\u00a0fr\u00e5n bild)<br \/>\ncyls 2 (1,8 mm fr\u00e5n bild)<br \/>\nhelt kn BS<\/p>\n<h2>Artiklar<\/h2>\n<p><a href=\"https:\/\/xn--hftessamlarna-bfb.se\/wp-content\/uploads\/H532-Pioner-av-Sven-Erik-Mattsson.pdf\">H532 Pioner av Sven Erik Mattsson<\/a><\/p>\n<h2>Fakta om utgivningen<\/h2>\n<p>Finns med enstaka t\u00e4nder skurna, hj\u00e4lpperforering? \u00c4ven en valskant finns p\u00e5 dessa h\u00e4ften.<\/p>\n<p>Pioner \u00e4lskas f\u00f6r sin yppiga karakt\u00e4r, fina doft och sprakande f\u00e4rg som kan variera fr\u00e5n rosenr\u00f6d till svavelgul. Fem praktfulla pioner, b\u00e5de vanliga sorter och rariteter, blir motiv p\u00e5 \u00e5rets sommarfrim\u00e4rken:<\/p>\n<ul>\n<li><strong>Enkel dillpion<\/strong> (Paeonia tenuifolia): Med r\u00f6da blommor och sirliga blad, k\u00e4nd som tr\u00e4dg\u00e5rdsv\u00e4xt \u00e4nda sedan 1700-talet.<\/li>\n<li><strong>Dubbel bondpion<\/strong> (Paeonia officinalis &#8217;Rubra Plena&#8217;): Mycket spridd, f\u00f6rr odlad i klostertr\u00e4dg\u00e5rdar som l\u00e4kemedel och krydda.<\/li>\n<li><strong>Luktpion<\/strong> (Paeonia lactiflora &#8217;Monsieur Jules Elie&#8217;): \u00c4lskad f\u00f6r sina stora fyllda rosa blommor och sin h\u00e4rliga doft.<\/li>\n<li><strong>Svavelpion<\/strong> (Paeonia mloksewitschii): En vild art med gula blommor, uppt\u00e4ckt s\u00e5 sent som 1900, den vackraste av alla tycker m\u00e5nga.<\/li>\n<li><strong>Buskpion<\/strong> (Paeonia suffruticosa spontanea): H\u00f6g och vild buske med enkelbladiga rosa och violetta blommor som har en bed\u00f6vande doft.<\/li>\n<\/ul>\n","protected":false},"excerpt":{"rendered":"<p>Utgivningsdag 2001-05-17 F 2253 &#8211; 2257 10 x inrikes brev, fem motiv Tryckta i 4 f\u00e4rger offset i 3:e Goebelpressen H\u00e4ftesomslaget \u00e4r tryckt i Giebelerpressen Inh\u00e4ftningen \u00e4r gjord i den 5:e h\u00e4ftesmaskinen. Tv\u00e5 olika perforeringstrissor har anv\u00e4nts vilket gett upphov &hellip; <a href=\"https:\/\/xn--hftessamlarna-bfb.se\/?page_id=1240\">Forts\u00e4tt l\u00e4sa <span class=\"meta-nav\">&rarr;<\/span><\/a><\/p>\n","protected":false},"author":1,"featured_media":0,"parent":2372,"menu_order":532,"comment_status":"open","ping_status":"open","template":"","meta":{"footnotes":""},"class_list":["post-1240","page","type-page","status-publish","hentry"],"_links":{"self":[{"href":"https:\/\/xn--hftessamlarna-bfb.se\/index.php?rest_route=\/wp\/v2\/pages\/1240","targetHints":{"allow":["GET"]}}],"collection":[{"href":"https:\/\/xn--hftessamlarna-bfb.se\/index.php?rest_route=\/wp\/v2\/pages"}],"about":[{"href":"https:\/\/xn--hftessamlarna-bfb.se\/index.php?rest_route=\/wp\/v2\/types\/page"}],"author":[{"embeddable":true,"href":"https:\/\/xn--hftessamlarna-bfb.se\/index.php?rest_route=\/wp\/v2\/users\/1"}],"replies":[{"embeddable":true,"href":"https:\/\/xn--hftessamlarna-bfb.se\/index.php?rest_route=%2Fwp%2Fv2%2Fcomments&post=1240"}],"version-history":[{"count":0,"href":"https:\/\/xn--hftessamlarna-bfb.se\/index.php?rest_route=\/wp\/v2\/pages\/1240\/revisions"}],"up":[{"embeddable":true,"href":"https:\/\/xn--hftessamlarna-bfb.se\/index.php?rest_route=\/wp\/v2\/pages\/2372"}],"wp:attachment":[{"href":"https:\/\/xn--hftessamlarna-bfb.se\/index.php?rest_route=%2Fwp%2Fv2%2Fmedia&parent=1240"}],"curies":[{"name":"wp","href":"https:\/\/api.w.org\/{rel}","templated":true}]}}