{"id":1229,"date":"2011-11-01T09:08:52","date_gmt":"2011-11-01T07:08:52","guid":{"rendered":"http:\/\/xn--hftessamlarna-bfb.se\/?page_id=1229"},"modified":"2021-08-09T12:54:13","modified_gmt":"2021-08-09T11:54:13","slug":"h535-julpost-2001","status":"publish","type":"page","link":"https:\/\/xn--hftessamlarna-bfb.se\/?page_id=1229","title":{"rendered":"H535 Jul 2001 &#8211; Julpaket"},"content":{"rendered":"<p><a href=\"http:\/\/xn--hftessamlarna-bfb.se\/?attachment_id=2197\" rel=\"attachment wp-att-2197\"><img loading=\"lazy\" decoding=\"async\" class=\"aligncenter size-full wp-image-2197\" title=\"H535\" src=\"http:\/\/xn--hftessamlarna-bfb.se\/wp-content\/uploads\/H535.jpg\" alt=\"\" width=\"960\" height=\"638\" srcset=\"https:\/\/xn--hftessamlarna-bfb.se\/wp-content\/uploads\/H535.jpg 960w, https:\/\/xn--hftessamlarna-bfb.se\/wp-content\/uploads\/H535-150x99.jpg 150w, https:\/\/xn--hftessamlarna-bfb.se\/wp-content\/uploads\/H535-300x199.jpg 300w, https:\/\/xn--hftessamlarna-bfb.se\/wp-content\/uploads\/H535-451x300.jpg 451w\" sizes=\"auto, (max-width: 960px) 100vw, 960px\" \/><\/a>Utgivningsdag 2001-11-21<br \/>\nF 2281 \u2013 2282<br \/>\n10 x 6 kr, tv\u00e5 motiv<br \/>\nTryckta i 4 f\u00e4rger offset i 3:e Goebelpressen<br \/>\nH\u00e4ftesomslaget \u00e4r tryckt i Giebelerpressen<br \/>\nInh\u00e4ftningen har gjorts i den 5:e h\u00e4ftesmaskinen<br \/>\n22 punkters streckperforering i rygg<br \/>\nH\u00e4ftet inneh\u00e5ller ocks\u00e5 ett block med 10 prioritaireetiketter, sammanh\u00e4ngande med frim\u00e4rkena genom ett \u201dgutter\u201d, vilket fungerar som inh\u00e4ftningsremsa<br \/>\nUpplaga ok\u00e4nd<\/p>\n<h2>Typer<\/h2>\n<p>Omslaget finns i flera olika f\u00e4rgtoner. Man har \u00e4nnu inte lyckats att dela in h\u00e4ftet i olika typer.<\/p>\n<div id=\"attachment_3902\" style=\"width: 287px\" class=\"wp-caption alignleft\"><a href=\"http:\/\/xn--hftessamlarna-bfb.se\/?attachment_id=3902\" rel=\"attachment wp-att-3902\"><img loading=\"lazy\" decoding=\"async\" aria-describedby=\"caption-attachment-3902\" class=\" wp-image-3902   \" src=\"http:\/\/xn--hftessamlarna-bfb.se\/wp-content\/uploads\/H535AB.jpg\" alt=\"H535AB\" width=\"277\" height=\"178\" srcset=\"https:\/\/xn--hftessamlarna-bfb.se\/wp-content\/uploads\/H535AB.jpg 960w, https:\/\/xn--hftessamlarna-bfb.se\/wp-content\/uploads\/H535AB-150x96.jpg 150w, https:\/\/xn--hftessamlarna-bfb.se\/wp-content\/uploads\/H535AB-300x193.jpg 300w, https:\/\/xn--hftessamlarna-bfb.se\/wp-content\/uploads\/H535AB-465x300.jpg 465w\" sizes=\"auto, (max-width: 277px) 100vw, 277px\" \/><\/a><p id=\"caption-attachment-3902\" class=\"wp-caption-text\">Omslag med olika f\u00e4rgtoner<\/p><\/div>\n<h2>Markeringar<\/h2>\n<p>delat regm<br \/>\nRT 7,2 x 1,4 mm svart (smalt)<br \/>\nRT 7,2 x 1,8 mm svart (brett)<br \/>\ncyls 1<br \/>\ncyls 2<br \/>\nhelt kn BS<br \/>\ndelat kn BS (3,5\/1,5)<\/p>\n<h2>Fakta om utgivningen<\/h2>\n<p>Frim\u00e4rkena som \u00e4r avsedda f\u00f6r utrikes porto f\u00f6rest\u00e4ller julpaket.<\/p>\n","protected":false},"excerpt":{"rendered":"<p>Utgivningsdag 2001-11-21 F 2281 \u2013 2282 10 x 6 kr, tv\u00e5 motiv Tryckta i 4 f\u00e4rger offset i 3:e Goebelpressen H\u00e4ftesomslaget \u00e4r tryckt i Giebelerpressen Inh\u00e4ftningen har gjorts i den 5:e h\u00e4ftesmaskinen 22 punkters streckperforering i rygg H\u00e4ftet inneh\u00e5ller ocks\u00e5 &hellip; <a href=\"https:\/\/xn--hftessamlarna-bfb.se\/?page_id=1229\">Forts\u00e4tt l\u00e4sa <span class=\"meta-nav\">&rarr;<\/span><\/a><\/p>\n","protected":false},"author":1,"featured_media":0,"parent":2372,"menu_order":535,"comment_status":"open","ping_status":"open","template":"","meta":{"footnotes":""},"class_list":["post-1229","page","type-page","status-publish","hentry"],"_links":{"self":[{"href":"https:\/\/xn--hftessamlarna-bfb.se\/index.php?rest_route=\/wp\/v2\/pages\/1229","targetHints":{"allow":["GET"]}}],"collection":[{"href":"https:\/\/xn--hftessamlarna-bfb.se\/index.php?rest_route=\/wp\/v2\/pages"}],"about":[{"href":"https:\/\/xn--hftessamlarna-bfb.se\/index.php?rest_route=\/wp\/v2\/types\/page"}],"author":[{"embeddable":true,"href":"https:\/\/xn--hftessamlarna-bfb.se\/index.php?rest_route=\/wp\/v2\/users\/1"}],"replies":[{"embeddable":true,"href":"https:\/\/xn--hftessamlarna-bfb.se\/index.php?rest_route=%2Fwp%2Fv2%2Fcomments&post=1229"}],"version-history":[{"count":0,"href":"https:\/\/xn--hftessamlarna-bfb.se\/index.php?rest_route=\/wp\/v2\/pages\/1229\/revisions"}],"up":[{"embeddable":true,"href":"https:\/\/xn--hftessamlarna-bfb.se\/index.php?rest_route=\/wp\/v2\/pages\/2372"}],"wp:attachment":[{"href":"https:\/\/xn--hftessamlarna-bfb.se\/index.php?rest_route=%2Fwp%2Fv2%2Fmedia&parent=1229"}],"curies":[{"name":"wp","href":"https:\/\/api.w.org\/{rel}","templated":true}]}}