{"id":1057,"date":"2011-10-31T07:40:19","date_gmt":"2011-10-31T05:40:19","guid":{"rendered":"http:\/\/xn--hftessamlarna-bfb.se\/?page_id=1057"},"modified":"2020-12-25T10:33:11","modified_gmt":"2020-12-25T09:33:11","slug":"h539-varldsarvet-2","status":"publish","type":"page","link":"https:\/\/xn--hftessamlarna-bfb.se\/?page_id=1057","title":{"rendered":"H539 V\u00e4rldsarvet 2 &#8211; Visby"},"content":{"rendered":"<p><a href=\"http:\/\/xn--hftessamlarna-bfb.se\/?attachment_id=2218\" rel=\"attachment wp-att-2218\"><img loading=\"lazy\" decoding=\"async\" class=\"aligncenter size-full wp-image-2218\" title=\"H539\" src=\"http:\/\/xn--hftessamlarna-bfb.se\/wp-content\/uploads\/H539.jpg\" alt=\"\" width=\"960\" height=\"654\" srcset=\"https:\/\/xn--hftessamlarna-bfb.se\/wp-content\/uploads\/H539.jpg 960w, https:\/\/xn--hftessamlarna-bfb.se\/wp-content\/uploads\/H539-150x102.jpg 150w, https:\/\/xn--hftessamlarna-bfb.se\/wp-content\/uploads\/H539-300x204.jpg 300w, https:\/\/xn--hftessamlarna-bfb.se\/wp-content\/uploads\/H539-440x300.jpg 440w\" sizes=\"auto, (max-width: 960px) 100vw, 960px\" \/><\/a>Utgivningsdag 2002-03-21<br \/>\nF 2302 &#8211; 2305<br \/>\n4 x inrikes brev, fyra motiv<br \/>\nTryckta i kombination 1 f\u00e4rg st\u00e5ltryck och 4 f\u00e4rger offset i 3:e Goebelpressen<br \/>\nOmslaget \u00e4r tryckt i Giebelerpressen<br \/>\nInh\u00e4ftningen, \u00e4r gjord i den 5:e h\u00e4ftesmaskinen<br \/>\nTv\u00e5 olika perforeringstrissor har anv\u00e4nts, vilket gett upphov till tv\u00e5 h\u00e4ftestyper<\/p>\n<h2>Typer<\/h2>\n<p><strong>A1<\/strong> 22 punkters ryggperforering<br \/>\n<strong>A1:0<\/strong> utan mitth\u00e5l i kantremsan<br \/>\n<strong>A1:1<\/strong> ett extra mitth\u00e5l i kantremsan (helt eller delvis utstansat)<\/p>\n<p><strong>A2<\/strong> 16 punkters ryggperforering<\/p>\n<h2>Markeringar<\/h2>\n<p><strong>A1<\/strong><br \/>\nRT 7,2 x 1,8 mm svart<br \/>\ncyls 1<br \/>\ncyls 2<br \/>\nhelt kn BS<\/p>\n<p><strong>A2<\/strong><br \/>\nRT 7,2 x 1,8 mm svart<br \/>\ncyls 1<br \/>\ncyls 2<br \/>\nhelt kn BS<\/p>\n<h2>L\u00e4s mer<\/h2>\n<p>L\u00e4nk till <a href=\"http:\/\/sv.wikipedia.org\/wiki\/Visby\" target=\"_blank\" rel=\"noopener\">Wikipedia<\/a><\/p>\n","protected":false},"excerpt":{"rendered":"<p>Utgivningsdag 2002-03-21 F 2302 &#8211; 2305 4 x inrikes brev, fyra motiv Tryckta i kombination 1 f\u00e4rg st\u00e5ltryck och 4 f\u00e4rger offset i 3:e Goebelpressen Omslaget \u00e4r tryckt i Giebelerpressen Inh\u00e4ftningen, \u00e4r gjord i den 5:e h\u00e4ftesmaskinen Tv\u00e5 olika perforeringstrissor &hellip; <a href=\"https:\/\/xn--hftessamlarna-bfb.se\/?page_id=1057\">Forts\u00e4tt l\u00e4sa <span class=\"meta-nav\">&rarr;<\/span><\/a><\/p>\n","protected":false},"author":1,"featured_media":0,"parent":2372,"menu_order":539,"comment_status":"open","ping_status":"closed","template":"","meta":{"footnotes":""},"class_list":["post-1057","page","type-page","status-publish","hentry"],"_links":{"self":[{"href":"https:\/\/xn--hftessamlarna-bfb.se\/index.php?rest_route=\/wp\/v2\/pages\/1057","targetHints":{"allow":["GET"]}}],"collection":[{"href":"https:\/\/xn--hftessamlarna-bfb.se\/index.php?rest_route=\/wp\/v2\/pages"}],"about":[{"href":"https:\/\/xn--hftessamlarna-bfb.se\/index.php?rest_route=\/wp\/v2\/types\/page"}],"author":[{"embeddable":true,"href":"https:\/\/xn--hftessamlarna-bfb.se\/index.php?rest_route=\/wp\/v2\/users\/1"}],"replies":[{"embeddable":true,"href":"https:\/\/xn--hftessamlarna-bfb.se\/index.php?rest_route=%2Fwp%2Fv2%2Fcomments&post=1057"}],"version-history":[{"count":0,"href":"https:\/\/xn--hftessamlarna-bfb.se\/index.php?rest_route=\/wp\/v2\/pages\/1057\/revisions"}],"up":[{"embeddable":true,"href":"https:\/\/xn--hftessamlarna-bfb.se\/index.php?rest_route=\/wp\/v2\/pages\/2372"}],"wp:attachment":[{"href":"https:\/\/xn--hftessamlarna-bfb.se\/index.php?rest_route=%2Fwp%2Fv2%2Fmedia&parent=1057"}],"curies":[{"name":"wp","href":"https:\/\/api.w.org\/{rel}","templated":true}]}}