{"id":1054,"date":"2011-10-31T07:37:20","date_gmt":"2011-10-31T05:37:20","guid":{"rendered":"http:\/\/xn--hftessamlarna-bfb.se\/?page_id=1054"},"modified":"2014-01-22T11:14:57","modified_gmt":"2014-01-22T10:14:57","slug":"h540-europa-2002","status":"publish","type":"page","link":"https:\/\/xn--hftessamlarna-bfb.se\/?page_id=1054","title":{"rendered":"H540 Europa 2002 &#8211; Cirkus"},"content":{"rendered":"<p><a href=\"http:\/\/xn--hftessamlarna-bfb.se\/?attachment_id=2217\" rel=\"attachment wp-att-2217\"><img loading=\"lazy\" decoding=\"async\" class=\"aligncenter size-full wp-image-2217\" title=\"H540\" alt=\"\" src=\"http:\/\/xn--hftessamlarna-bfb.se\/wp-content\/uploads\/H540.jpg\" width=\"960\" height=\"651\" srcset=\"https:\/\/xn--hftessamlarna-bfb.se\/wp-content\/uploads\/H540.jpg 960w, https:\/\/xn--hftessamlarna-bfb.se\/wp-content\/uploads\/H540-150x101.jpg 150w, https:\/\/xn--hftessamlarna-bfb.se\/wp-content\/uploads\/H540-300x203.jpg 300w, https:\/\/xn--hftessamlarna-bfb.se\/wp-content\/uploads\/H540-442x300.jpg 442w\" sizes=\"auto, (max-width: 960px) 100vw, 960px\" \/><\/a>Utgivningsdag 2002-05-02<br \/>\nF 2310 &#8211; 2313<br \/>\n4 x 8 kr, fyra motiv<br \/>\nTryckta i 4 f\u00e4rger offset i 3:e Goebelpressen<br \/>\nOmslaget \u00e4r tryckt i Giebelerpressen<br \/>\nInh\u00e4ftningen har gjorts i den 5:e h\u00e4ftesmaskinen<br \/>\n17 punkters streckperforering<br \/>\nH\u00e4ftet inneh\u00e5ller ocks\u00e5 ett block med 4 prioritaireetiketter, sammanh\u00e4ngande med frim\u00e4rkena genom ett \u201dgutter\u201d, vilket fungerar som inh\u00e4ftningsremsa<\/p>\n<h2>Markeringar<\/h2>\n<p>delat regm<br \/>\nRT 7,2 x 1,4 mm svart (smalt)<br \/>\nRT 7,2 x 1,8 mm svart (brett)<br \/>\ncyls 1<br \/>\ncyls 2<br \/>\nhelt kn BS<\/p>\n","protected":false},"excerpt":{"rendered":"<p>Utgivningsdag 2002-05-02 F 2310 &#8211; 2313 4 x 8 kr, fyra motiv Tryckta i 4 f\u00e4rger offset i 3:e Goebelpressen Omslaget \u00e4r tryckt i Giebelerpressen Inh\u00e4ftningen har gjorts i den 5:e h\u00e4ftesmaskinen 17 punkters streckperforering H\u00e4ftet inneh\u00e5ller ocks\u00e5 ett block &hellip; <a href=\"https:\/\/xn--hftessamlarna-bfb.se\/?page_id=1054\">Forts\u00e4tt l\u00e4sa <span class=\"meta-nav\">&rarr;<\/span><\/a><\/p>\n","protected":false},"author":1,"featured_media":0,"parent":2372,"menu_order":540,"comment_status":"open","ping_status":"open","template":"","meta":{"footnotes":""},"class_list":["post-1054","page","type-page","status-publish","hentry"],"_links":{"self":[{"href":"https:\/\/xn--hftessamlarna-bfb.se\/index.php?rest_route=\/wp\/v2\/pages\/1054","targetHints":{"allow":["GET"]}}],"collection":[{"href":"https:\/\/xn--hftessamlarna-bfb.se\/index.php?rest_route=\/wp\/v2\/pages"}],"about":[{"href":"https:\/\/xn--hftessamlarna-bfb.se\/index.php?rest_route=\/wp\/v2\/types\/page"}],"author":[{"embeddable":true,"href":"https:\/\/xn--hftessamlarna-bfb.se\/index.php?rest_route=\/wp\/v2\/users\/1"}],"replies":[{"embeddable":true,"href":"https:\/\/xn--hftessamlarna-bfb.se\/index.php?rest_route=%2Fwp%2Fv2%2Fcomments&post=1054"}],"version-history":[{"count":0,"href":"https:\/\/xn--hftessamlarna-bfb.se\/index.php?rest_route=\/wp\/v2\/pages\/1054\/revisions"}],"up":[{"embeddable":true,"href":"https:\/\/xn--hftessamlarna-bfb.se\/index.php?rest_route=\/wp\/v2\/pages\/2372"}],"wp:attachment":[{"href":"https:\/\/xn--hftessamlarna-bfb.se\/index.php?rest_route=%2Fwp%2Fv2%2Fmedia&parent=1054"}],"curies":[{"name":"wp","href":"https:\/\/api.w.org\/{rel}","templated":true}]}}