{"id":1046,"date":"2011-10-31T07:29:15","date_gmt":"2011-10-31T05:29:15","guid":{"rendered":"http:\/\/xn--hftessamlarna-bfb.se\/?page_id=1046"},"modified":"2012-11-12T13:55:39","modified_gmt":"2012-11-12T11:55:39","slug":"h542-svensk-gastronomi","status":"publish","type":"page","link":"https:\/\/xn--hftessamlarna-bfb.se\/?page_id=1046","title":{"rendered":"H542 Svensk gastronomi"},"content":{"rendered":"<p><a href=\"http:\/\/xn--hftessamlarna-bfb.se\/?attachment_id=2214\" rel=\"attachment wp-att-2214\"><img loading=\"lazy\" decoding=\"async\" class=\"aligncenter size-full wp-image-2214\" title=\"H542\" src=\"http:\/\/xn--hftessamlarna-bfb.se\/wp-content\/uploads\/H542.jpg\" alt=\"\" width=\"960\" height=\"634\" srcset=\"https:\/\/xn--hftessamlarna-bfb.se\/wp-content\/uploads\/H542.jpg 960w, https:\/\/xn--hftessamlarna-bfb.se\/wp-content\/uploads\/H542-150x99.jpg 150w, https:\/\/xn--hftessamlarna-bfb.se\/wp-content\/uploads\/H542-300x198.jpg 300w, https:\/\/xn--hftessamlarna-bfb.se\/wp-content\/uploads\/H542-454x300.jpg 454w\" sizes=\"auto, (max-width: 960px) 100vw, 960px\" \/><\/a>Utgivningsdag 2002-08-29<br \/>\nF 2323 &#8211; 2328<br \/>\n6 x inrikes brev, sex motiv<br \/>\nTryckta i 4 f\u00e4rger offset i 3:e Goebelpressen.<br \/>\nOmslaget \u00e4r tryckt i Giebelerpressen.<br \/>\nInh\u00e4ftningen har gjorts i den 5:e h\u00e4ftesmaskinen.<br \/>\n17 punkters streckperforering.<\/p>\n<h2>Markeringar<\/h2>\n<p>RT 7.2 x 1.8 mm svart<br \/>\ncyls 1<br \/>\ncyls 2<br \/>\nhelt kn BS<\/p>\n<h2><\/h2>\n<p>F\u00e4rgstrip 0.8-1 mm breda i IR<\/p>\n","protected":false},"excerpt":{"rendered":"<p>Utgivningsdag 2002-08-29 F 2323 &#8211; 2328 6 x inrikes brev, sex motiv Tryckta i 4 f\u00e4rger offset i 3:e Goebelpressen. Omslaget \u00e4r tryckt i Giebelerpressen. Inh\u00e4ftningen har gjorts i den 5:e h\u00e4ftesmaskinen. 17 punkters streckperforering. Markeringar RT 7.2 x 1.8 &hellip; <a href=\"https:\/\/xn--hftessamlarna-bfb.se\/?page_id=1046\">Forts\u00e4tt l\u00e4sa <span class=\"meta-nav\">&rarr;<\/span><\/a><\/p>\n","protected":false},"author":1,"featured_media":0,"parent":2372,"menu_order":542,"comment_status":"open","ping_status":"open","template":"","meta":{"footnotes":""},"class_list":["post-1046","page","type-page","status-publish","hentry"],"_links":{"self":[{"href":"https:\/\/xn--hftessamlarna-bfb.se\/index.php?rest_route=\/wp\/v2\/pages\/1046","targetHints":{"allow":["GET"]}}],"collection":[{"href":"https:\/\/xn--hftessamlarna-bfb.se\/index.php?rest_route=\/wp\/v2\/pages"}],"about":[{"href":"https:\/\/xn--hftessamlarna-bfb.se\/index.php?rest_route=\/wp\/v2\/types\/page"}],"author":[{"embeddable":true,"href":"https:\/\/xn--hftessamlarna-bfb.se\/index.php?rest_route=\/wp\/v2\/users\/1"}],"replies":[{"embeddable":true,"href":"https:\/\/xn--hftessamlarna-bfb.se\/index.php?rest_route=%2Fwp%2Fv2%2Fcomments&post=1046"}],"version-history":[{"count":0,"href":"https:\/\/xn--hftessamlarna-bfb.se\/index.php?rest_route=\/wp\/v2\/pages\/1046\/revisions"}],"up":[{"embeddable":true,"href":"https:\/\/xn--hftessamlarna-bfb.se\/index.php?rest_route=\/wp\/v2\/pages\/2372"}],"wp:attachment":[{"href":"https:\/\/xn--hftessamlarna-bfb.se\/index.php?rest_route=%2Fwp%2Fv2%2Fmedia&parent=1046"}],"curies":[{"name":"wp","href":"https:\/\/api.w.org\/{rel}","templated":true}]}}