{"id":1041,"date":"2011-10-31T07:23:01","date_gmt":"2011-10-31T05:23:01","guid":{"rendered":"http:\/\/xn--hftessamlarna-bfb.se\/?page_id=1041"},"modified":"2014-01-22T11:01:33","modified_gmt":"2014-01-22T10:01:33","slug":"h546-europa-2003","status":"publish","type":"page","link":"https:\/\/xn--hftessamlarna-bfb.se\/?page_id=1041","title":{"rendered":"H546 Europa 2003 &#8211; Affischkonst"},"content":{"rendered":"<p><a href=\"http:\/\/xn--hftessamlarna-bfb.se\/?attachment_id=2234\" rel=\"attachment wp-att-2234\"><img loading=\"lazy\" decoding=\"async\" class=\"aligncenter size-full wp-image-2234\" title=\"H546\" alt=\"\" src=\"http:\/\/xn--hftessamlarna-bfb.se\/wp-content\/uploads\/H546.jpg\" width=\"960\" height=\"635\" srcset=\"https:\/\/xn--hftessamlarna-bfb.se\/wp-content\/uploads\/H546.jpg 960w, https:\/\/xn--hftessamlarna-bfb.se\/wp-content\/uploads\/H546-150x99.jpg 150w, https:\/\/xn--hftessamlarna-bfb.se\/wp-content\/uploads\/H546-300x198.jpg 300w, https:\/\/xn--hftessamlarna-bfb.se\/wp-content\/uploads\/H546-453x300.jpg 453w\" sizes=\"auto, (max-width: 960px) 100vw, 960px\" \/><\/a>Utgivningsdag 2003-01-20<br \/>\nF 2356 &#8211; 2359<br \/>\n4 x 10 kr utrikes brev, fyra motiv<br \/>\nTryckta i 4 f\u00e4rger offset i 3:e Goebelpressen<br \/>\nOmslaget \u00e4r tryckt i Giebelerpressen<br \/>\nInh\u00e4ftningen har gjorts i den 5:e h\u00e4ftesmaskinen<br \/>\n17 punkters streckperforering<br \/>\nH\u00e4ftet inneh\u00e5ller ocks\u00e5 ett block med 4 prioritaireetiketter, sammanh\u00e4ngande med frim\u00e4rkena genom ett \u201dgutter\u201d, vilket fungerar som inh\u00e4ftningsremsa<\/p>\n<h2>Markeringar<\/h2>\n<p>delat regm<br \/>\nRT 7,2 x 1,8 mm svart<br \/>\ncyls 1<br \/>\ncyls 2<br \/>\nhelt kn BS<\/p>\n<h2>Olika storlekar p\u00e5 kn<\/h2>\n<p>Det f\u00f6rekommer med olika h\u00f6jd p\u00e5 kontrollnumren. F\u00f6rutom de vanliga kn som \u00e4r 3,0 mm h\u00f6ga, finns det kn som bara \u00e4r 2,5 mm h\u00f6ga vid 20-tusen.<\/p>\n<div id=\"attachment_3669\" style=\"width: 631px\" class=\"wp-caption alignleft\"><a href=\"http:\/\/xn--hftessamlarna-bfb.se\/?attachment_id=3669\" rel=\"attachment wp-att-3669\"><img loading=\"lazy\" decoding=\"async\" aria-describedby=\"caption-attachment-3669\" class=\" wp-image-3669 \" alt=\"H546 olika storlek kn\" src=\"http:\/\/xn--hftessamlarna-bfb.se\/wp-content\/uploads\/H546-olika-storlek-kn.jpg\" width=\"621\" height=\"218\" srcset=\"https:\/\/xn--hftessamlarna-bfb.se\/wp-content\/uploads\/H546-olika-storlek-kn.jpg 1035w, https:\/\/xn--hftessamlarna-bfb.se\/wp-content\/uploads\/H546-olika-storlek-kn-150x52.jpg 150w, https:\/\/xn--hftessamlarna-bfb.se\/wp-content\/uploads\/H546-olika-storlek-kn-300x105.jpg 300w, https:\/\/xn--hftessamlarna-bfb.se\/wp-content\/uploads\/H546-olika-storlek-kn-1024x360.jpg 1024w, https:\/\/xn--hftessamlarna-bfb.se\/wp-content\/uploads\/H546-olika-storlek-kn-500x175.jpg 500w\" sizes=\"auto, (max-width: 621px) 100vw, 621px\" \/><\/a><p id=\"caption-attachment-3669\" class=\"wp-caption-text\">Olika storlek p\u00e5 kn<\/p><\/div>\n<h2>Fakta om utgivningen<\/h2>\n<p>Affischens livsl\u00e4ngd \u00e4r kort men den lever ofta vidare som dekoration och blir speglingar av en annan tid. Detta visar nu Posten med fyra frim\u00e4rken som avbildar affischer fr\u00e5n olika epoker:<\/p>\n<p><strong>Aerotransport<\/strong> av Anders Beckman fr\u00e5n 1935, <strong>Stockholms nya dansrestaurang<\/strong> heter Kaos av Georg Magnusson fr\u00e5n 1930, Owe Gustafsons <strong>Levande lantbruk<\/strong> fr\u00e5n 1984 och <strong>Biologiska museet<\/strong> av Carina L\u00e4nk fr\u00e5n 1993.<\/p>\n<p>Affischen fick sitt genombrott under 1800-talet med fr\u00e4msta uppgift att sprida information. I b\u00f6rjan inneh\u00f6ll affischerna enbart text men snart b\u00f6rjade illustrationer anv\u00e4ndas och deras inneh\u00e5ll och utseende f\u00f6r\u00e4ndrades. Affischerna skulle numera locka, f\u00f6rf\u00f6ra, agitera eller manipulera. Budskapen kunde vara teaterf\u00f6rest\u00e4llningar, reklam, politiska budskap och sociala evenemang.<\/p>\n<p>En bra affisch m\u00e5ste snabbt g\u00f6ra intryck. Budskapet ska vara aktuellt och spegla tidsandans v\u00e4rderingar, trender och viktiga h\u00e4ndelser. Under 1900-talet inspirerades affischkonsten bland annat av kubismen, surrealismen, funktionalismen och Bauhausr\u00f6relsen.<\/p>\n<p>Affischer blir under 2003 motiv p\u00e5 frim\u00e4rken i alla l\u00e4nder i den europeiska samarbetsorganistionen PostEurop.<\/p>\n<p>Frim\u00e4rkenas motiv \u00e4r affischer av Anders Beckman, Georg Magnusson, Owe Gustafson och Carina L\u00e4nk. Formgivningen har Ol\u00f6f Baldursdottir st\u00e5tt f\u00f6r. Frim\u00e4rkena trycks i fyrf\u00e4rgsoffset och ges ut i h\u00e4fte om fyra frim\u00e4rken med lika m\u00e5nga motiv i val\u00f6ren 10 kronor, utrikesportot f\u00f6r l.a klassbrev till zonerna Europa och V\u00e4rlden.<\/p>\n","protected":false},"excerpt":{"rendered":"<p>Utgivningsdag 2003-01-20 F 2356 &#8211; 2359 4 x 10 kr utrikes brev, fyra motiv Tryckta i 4 f\u00e4rger offset i 3:e Goebelpressen Omslaget \u00e4r tryckt i Giebelerpressen Inh\u00e4ftningen har gjorts i den 5:e h\u00e4ftesmaskinen 17 punkters streckperforering H\u00e4ftet inneh\u00e5ller ocks\u00e5 &hellip; <a href=\"https:\/\/xn--hftessamlarna-bfb.se\/?page_id=1041\">Forts\u00e4tt l\u00e4sa <span class=\"meta-nav\">&rarr;<\/span><\/a><\/p>\n","protected":false},"author":1,"featured_media":0,"parent":2372,"menu_order":546,"comment_status":"open","ping_status":"open","template":"","meta":{"footnotes":""},"class_list":["post-1041","page","type-page","status-publish","hentry"],"_links":{"self":[{"href":"https:\/\/xn--hftessamlarna-bfb.se\/index.php?rest_route=\/wp\/v2\/pages\/1041","targetHints":{"allow":["GET"]}}],"collection":[{"href":"https:\/\/xn--hftessamlarna-bfb.se\/index.php?rest_route=\/wp\/v2\/pages"}],"about":[{"href":"https:\/\/xn--hftessamlarna-bfb.se\/index.php?rest_route=\/wp\/v2\/types\/page"}],"author":[{"embeddable":true,"href":"https:\/\/xn--hftessamlarna-bfb.se\/index.php?rest_route=\/wp\/v2\/users\/1"}],"replies":[{"embeddable":true,"href":"https:\/\/xn--hftessamlarna-bfb.se\/index.php?rest_route=%2Fwp%2Fv2%2Fcomments&post=1041"}],"version-history":[{"count":0,"href":"https:\/\/xn--hftessamlarna-bfb.se\/index.php?rest_route=\/wp\/v2\/pages\/1041\/revisions"}],"up":[{"embeddable":true,"href":"https:\/\/xn--hftessamlarna-bfb.se\/index.php?rest_route=\/wp\/v2\/pages\/2372"}],"wp:attachment":[{"href":"https:\/\/xn--hftessamlarna-bfb.se\/index.php?rest_route=%2Fwp%2Fv2%2Fmedia&parent=1041"}],"curies":[{"name":"wp","href":"https:\/\/api.w.org\/{rel}","templated":true}]}}