{"id":1038,"date":"2011-10-31T07:17:24","date_gmt":"2011-10-31T05:17:24","guid":{"rendered":"http:\/\/xn--hftessamlarna-bfb.se\/?page_id=1038"},"modified":"2014-01-22T10:58:20","modified_gmt":"2014-01-22T09:58:20","slug":"h547-olands-alvar","status":"publish","type":"page","link":"https:\/\/xn--hftessamlarna-bfb.se\/?page_id=1038","title":{"rendered":"H547 V\u00e4rldsarvet 3 &#8211; \u00d6lands Alvar"},"content":{"rendered":"<p><a href=\"http:\/\/xn--hftessamlarna-bfb.se\/?attachment_id=2232\" rel=\"attachment wp-att-2232\"><img loading=\"lazy\" decoding=\"async\" class=\"aligncenter size-full wp-image-2232\" title=\"H547\" alt=\"\" src=\"http:\/\/xn--hftessamlarna-bfb.se\/wp-content\/uploads\/H547.jpg\" width=\"960\" height=\"458\" srcset=\"https:\/\/xn--hftessamlarna-bfb.se\/wp-content\/uploads\/H547.jpg 960w, https:\/\/xn--hftessamlarna-bfb.se\/wp-content\/uploads\/H547-150x71.jpg 150w, https:\/\/xn--hftessamlarna-bfb.se\/wp-content\/uploads\/H547-300x143.jpg 300w, https:\/\/xn--hftessamlarna-bfb.se\/wp-content\/uploads\/H547-500x238.jpg 500w\" sizes=\"auto, (max-width: 960px) 100vw, 960px\" \/><\/a>Utgivningsdag 2003-03-20<br \/>\nF 2366 &#8211; 2369<br \/>\n4 x inrikes brev, 4 motiv<br \/>\nTryckta i kombination 1 f\u00e4rg st\u00e5ltryck och 4 f\u00e4rger offset i 3:e Goebelpressen<br \/>\nOmslaget \u00e4r tryckt i Giebelerpressen<br \/>\nInh\u00e4ftningen har gjorts i den 5:e h\u00e4ftesmaskinen<br \/>\n12 punkters streckperforering<\/p>\n<h2>Markeringar<\/h2>\n<p>delat regm<br \/>\nRT 7,2 x 1,8 mm svart<br \/>\ncyls 1<br \/>\ncyls 2 fot\/slinga<br \/>\nhelt kn BS<\/p>\n<h2>Fakta om utgivningen<\/h2>\n<p>I frim\u00e4rksserien V\u00e4rldsarvet har turen kommit till S\u00f6dra \u00d6lands Odlingslandskap &#8211; ett av tolv svenska v\u00e4rldsarv. Ett v\u00e4rldsarv ska vara ett kultur- och naturobjekt som har betydelse f\u00f6r hela m\u00e4nskligheten.<\/p>\n<p>S\u00f6dra \u00d6lands odlingslandskap blev v\u00e4rldsarv 2000. V\u00e4rldsarvsomr\u00e5det har r\u00f6tter fr\u00e4n sten\u00e5ldern och h\u00e4r ligger det s\u00e4regna Alvaret, radbyar, fornborgar och vattenomr\u00e5den. De fyra frim\u00e4rksmotiven \u00e4r h\u00e4mtade fr\u00e5n dessa milj\u00f6er.<\/p>\n<ul>\n<li><strong>Radbyarna<\/strong> ligger i &#8221;laga l\u00e4ge&#8221;, det vill s\u00e4ga alla byns tomter gr\u00e4nsar mot bygatan. Tomtens bredd mot bygatan berodde p\u00e5 hur m\u00e5nga andelar g\u00e5rden hade i byn. Radbyarna anlades under medeltiden men f\u00f6rsvann p\u00e5 1800-talet i stora delar av landet.<\/li>\n<li><strong>Alvar<\/strong> \u00e4r flacka h\u00e4llmarker med ett mycket tunt jordlager p\u00e5 h\u00e5rd kalkberggrund. Stora Alvaret p\u00e5 \u00d6land \u00e4r v\u00e4rldens st\u00f6rsta betade alvarmark och betningen har p\u00e5g\u00e5tt sedan yngre sten\u00e5lder. Omr\u00e5det \u00e4r ocks\u00e5 rikt p\u00e5 fornl\u00e4mningar.<\/li>\n<li><strong>Sj\u00f6markerna<\/strong> \u00e4r betesmarker som ligger n\u00e4ra kusten. De har i \u00e5rtusenden anv\u00e4nts f\u00f6r bete och sl\u00e5tter. V\u00e4xt- och djurlivet \u00e4r rikt och m\u00e5nga sj\u00f6f\u00e5glar och vadare h\u00e4ckar h\u00e4r.<\/li>\n<\/ul>\n<p>Lars Sj\u00f6\u00f6blom har formgivit och graverat frim\u00e4rkena. De trycks i en kombination av en f\u00e4rg st\u00e5ltryck och fyrf\u00e4rgsoffsett. Frim\u00e4rkena ges ut i h\u00e4fte om fyra frim\u00e4rken med lika m\u00e5nga motiv. De \u00e4r avsedda som inrikesporto l:a klassbrev.<\/p>\n<h2>L\u00e4s mer<\/h2>\n<p>L\u00e4nk till <a href=\"http:\/\/sv.wikipedia.org\/wiki\/Stora_alvaret\" target=\"_blank\">Wikipedia<\/a><\/p>\n","protected":false},"excerpt":{"rendered":"<p>Utgivningsdag 2003-03-20 F 2366 &#8211; 2369 4 x inrikes brev, 4 motiv Tryckta i kombination 1 f\u00e4rg st\u00e5ltryck och 4 f\u00e4rger offset i 3:e Goebelpressen Omslaget \u00e4r tryckt i Giebelerpressen Inh\u00e4ftningen har gjorts i den 5:e h\u00e4ftesmaskinen 12 punkters streckperforering &hellip; <a href=\"https:\/\/xn--hftessamlarna-bfb.se\/?page_id=1038\">Forts\u00e4tt l\u00e4sa <span class=\"meta-nav\">&rarr;<\/span><\/a><\/p>\n","protected":false},"author":1,"featured_media":0,"parent":2372,"menu_order":547,"comment_status":"open","ping_status":"open","template":"","meta":{"footnotes":""},"class_list":["post-1038","page","type-page","status-publish","hentry"],"_links":{"self":[{"href":"https:\/\/xn--hftessamlarna-bfb.se\/index.php?rest_route=\/wp\/v2\/pages\/1038","targetHints":{"allow":["GET"]}}],"collection":[{"href":"https:\/\/xn--hftessamlarna-bfb.se\/index.php?rest_route=\/wp\/v2\/pages"}],"about":[{"href":"https:\/\/xn--hftessamlarna-bfb.se\/index.php?rest_route=\/wp\/v2\/types\/page"}],"author":[{"embeddable":true,"href":"https:\/\/xn--hftessamlarna-bfb.se\/index.php?rest_route=\/wp\/v2\/users\/1"}],"replies":[{"embeddable":true,"href":"https:\/\/xn--hftessamlarna-bfb.se\/index.php?rest_route=%2Fwp%2Fv2%2Fcomments&post=1038"}],"version-history":[{"count":0,"href":"https:\/\/xn--hftessamlarna-bfb.se\/index.php?rest_route=\/wp\/v2\/pages\/1038\/revisions"}],"up":[{"embeddable":true,"href":"https:\/\/xn--hftessamlarna-bfb.se\/index.php?rest_route=\/wp\/v2\/pages\/2372"}],"wp:attachment":[{"href":"https:\/\/xn--hftessamlarna-bfb.se\/index.php?rest_route=%2Fwp%2Fv2%2Fmedia&parent=1038"}],"curies":[{"name":"wp","href":"https:\/\/api.w.org\/{rel}","templated":true}]}}