{"id":1032,"date":"2011-10-31T07:08:23","date_gmt":"2011-10-31T05:08:23","guid":{"rendered":"http:\/\/xn--hftessamlarna-bfb.se\/?page_id=1032"},"modified":"2021-08-05T10:35:28","modified_gmt":"2021-08-05T09:35:28","slug":"h549-strand-och-sjofaglar","status":"publish","type":"page","link":"https:\/\/xn--hftessamlarna-bfb.se\/?page_id=1032","title":{"rendered":"H549 Strand- och sj\u00f6f\u00e5glar"},"content":{"rendered":"<p><a href=\"http:\/\/xn--hftessamlarna-bfb.se\/?attachment_id=2229\" rel=\"attachment wp-att-2229\"><img loading=\"lazy\" decoding=\"async\" class=\"aligncenter size-full wp-image-2229\" title=\"H549\" src=\"http:\/\/xn--hftessamlarna-bfb.se\/wp-content\/uploads\/H549.jpg\" alt=\"\" width=\"960\" height=\"629\" srcset=\"https:\/\/xn--hftessamlarna-bfb.se\/wp-content\/uploads\/H549.jpg 960w, https:\/\/xn--hftessamlarna-bfb.se\/wp-content\/uploads\/H549-150x98.jpg 150w, https:\/\/xn--hftessamlarna-bfb.se\/wp-content\/uploads\/H549-300x196.jpg 300w, https:\/\/xn--hftessamlarna-bfb.se\/wp-content\/uploads\/H549-457x300.jpg 457w\" sizes=\"auto, (max-width: 960px) 100vw, 960px\" \/><\/a>Utgivningsdag 2003-10-04<br \/>\nF 2388 \u2013 2391<br \/>\n4 x 10 kr, fyra motiv<br \/>\nSamutg\u00e5va med Hongkong<br \/>\nTryckta i kombination 1 f\u00e4rg st\u00e5ltryck och 4 f\u00e4rger\u00a0offset i 3:e Goebelpressen<br \/>\nOmslaget \u00e4r tryckt i Giebelerpressen<br \/>\nInh\u00e4ftningen har gjorts i den 5:e h\u00e4ftesmaskinen<br \/>\n17 punkters streckperforering<\/p>\n<h2>Markeringar<\/h2>\n<p>delat regm<br \/>\nRT 7,2 x 1,4 mm svart (smalt)<br \/>\nRT 7,2 x 1,8 mm svart (brett)<br \/>\ncyls 1<br \/>\ncyls 2<br \/>\nhelt kn BS<\/p>\n<h2>Samutg\u00e5va med Hong Kong<br \/>\n<a href=\"https:\/\/xn--hftessamlarna-bfb.se\/wp-content\/uploads\/H-0549-HK-header-2003.jpg\"><img loading=\"lazy\" decoding=\"async\" class=\"alignnone wp-image-6664 size-full\" src=\"https:\/\/xn--hftessamlarna-bfb.se\/wp-content\/uploads\/H-0549-HK-header-2003.jpg\" alt=\"\" width=\"960\" height=\"988\" srcset=\"https:\/\/xn--hftessamlarna-bfb.se\/wp-content\/uploads\/H-0549-HK-header-2003.jpg 960w, https:\/\/xn--hftessamlarna-bfb.se\/wp-content\/uploads\/H-0549-HK-header-2003-291x300.jpg 291w, https:\/\/xn--hftessamlarna-bfb.se\/wp-content\/uploads\/H-0549-HK-header-2003-146x150.jpg 146w, https:\/\/xn--hftessamlarna-bfb.se\/wp-content\/uploads\/H-0549-HK-header-2003-768x790.jpg 768w\" sizes=\"auto, (max-width: 960px) 100vw, 960px\" \/><\/a><\/h2>\n<h2>Fakta om utgivningen<\/h2>\n<p>Posten ger ut frim\u00e4rken p\u00e5 temat Strand- och sj\u00f6f\u00e5glar i samarbete med Hongkong. Frim\u00e4rkena ges ut i b\u00e5da l\u00e4nderna samma dag. De fyra f\u00e5glarna p\u00e5 frim\u00e4rkena tillh\u00f6r arter som lever i b\u00e5de Sverige och Hongkong.<\/p>\n<ul>\n<li><strong>Svarthakedoppingen<\/strong> (Podiceps auritus) \u00e4r en s\u00e4llsynt f\u00e5gel. I Sverige finns cirka 1 100-1 300 par och p\u00e5 sikt \u00e4r f\u00e5gelns fortlevnad hotad. F\u00e5geln h\u00e4ckar p\u00e5 \u00d6land och Gotland samt i sm\u00e5 sj\u00f6ar l\u00e4ngs ostkusten.<\/li>\n<li><strong>Storlom<\/strong> (Gavia artica) \u00e4r l\u00e4tt igenk\u00e4nnlig p\u00e5 den svarta strupen och de svartstreckade halssidorna. I Sverige finns det cirka 5 500-7 000 par som lever i klara, fiskrika skogssj\u00f6ar. Under vintern flyttar den till \u00f6stra Medelhavet och Svarta havet.<\/li>\n<li><strong>Sk\u00e4rfl\u00e4ckan<\/strong> (Recurvirostra avosetta) h\u00e4ckar i Sverige men \u00f6vervintrar kring Medelhavet och i Afrika. Den har svartvit dr\u00e4kt, smal upp\u00e5tkr\u00f6kt svart n\u00e4bb och l\u00e5nga ljusbl\u00e5a ben. Den s\u00f6ker sin f\u00f6da genom att r\u00f6ra n\u00e4bben fr\u00e5n sida till sida genom vatten eller l\u00f6s dy och uppt\u00e4cker sina byten med hj\u00e4lp av k\u00e4nseln.<\/li>\n<li><strong>Sk\u00e4ggdoppingen<\/strong> (Podiceps cristatus) \u00e4r ocks\u00e5 en flyttf\u00e5gel. Den l\u00e4mnar Sverige f\u00f6r Mellaneuropa och Medelhavsl\u00e4nderna, men det h\u00e4nder att den \u00f6vervintrar. Runt huvudet b\u00e4r den en &#8221;skepparkrans&#8221; av bruna fj\u00e4drar. Sk\u00e4ggdoppingen h\u00e4ckar i insj\u00f6ar och havsvikar i s\u00f6dra Sverige upp till norra Svealand.<\/li>\n<\/ul>\n<p>Arde Lam, Hongkong, har formgivit och svenska Postens grav\u00f6r Czeslaw Slania har graverat b\u00e5da l\u00e4ndernas frim\u00e4rken. Samtliga trycks hos Posten Frim\u00e4rken. De svenska frim\u00e4rkena ges\u00a0ut i h\u00e4ften med fyra frim\u00e4rken och lika m\u00e5nga motiv. Val\u00f6ren \u00e4r tio kronor, utrikesporto f\u00f6r 1:a klassbrev till zonerna Europa och V\u00e4rlden.<\/p>\n","protected":false},"excerpt":{"rendered":"<p>Utgivningsdag 2003-10-04 F 2388 \u2013 2391 4 x 10 kr, fyra motiv Samutg\u00e5va med Hongkong Tryckta i kombination 1 f\u00e4rg st\u00e5ltryck och 4 f\u00e4rger\u00a0offset i 3:e Goebelpressen Omslaget \u00e4r tryckt i Giebelerpressen Inh\u00e4ftningen har gjorts i den 5:e h\u00e4ftesmaskinen 17 &hellip; <a href=\"https:\/\/xn--hftessamlarna-bfb.se\/?page_id=1032\">Forts\u00e4tt l\u00e4sa <span class=\"meta-nav\">&rarr;<\/span><\/a><\/p>\n","protected":false},"author":1,"featured_media":0,"parent":2372,"menu_order":549,"comment_status":"open","ping_status":"open","template":"","meta":{"footnotes":""},"class_list":["post-1032","page","type-page","status-publish","hentry"],"_links":{"self":[{"href":"https:\/\/xn--hftessamlarna-bfb.se\/index.php?rest_route=\/wp\/v2\/pages\/1032","targetHints":{"allow":["GET"]}}],"collection":[{"href":"https:\/\/xn--hftessamlarna-bfb.se\/index.php?rest_route=\/wp\/v2\/pages"}],"about":[{"href":"https:\/\/xn--hftessamlarna-bfb.se\/index.php?rest_route=\/wp\/v2\/types\/page"}],"author":[{"embeddable":true,"href":"https:\/\/xn--hftessamlarna-bfb.se\/index.php?rest_route=\/wp\/v2\/users\/1"}],"replies":[{"embeddable":true,"href":"https:\/\/xn--hftessamlarna-bfb.se\/index.php?rest_route=%2Fwp%2Fv2%2Fcomments&post=1032"}],"version-history":[{"count":0,"href":"https:\/\/xn--hftessamlarna-bfb.se\/index.php?rest_route=\/wp\/v2\/pages\/1032\/revisions"}],"up":[{"embeddable":true,"href":"https:\/\/xn--hftessamlarna-bfb.se\/index.php?rest_route=\/wp\/v2\/pages\/2372"}],"wp:attachment":[{"href":"https:\/\/xn--hftessamlarna-bfb.se\/index.php?rest_route=%2Fwp%2Fv2%2Fmedia&parent=1032"}],"curies":[{"name":"wp","href":"https:\/\/api.w.org\/{rel}","templated":true}]}}