{"id":1029,"date":"2011-10-31T07:04:13","date_gmt":"2011-10-31T05:04:13","guid":{"rendered":"http:\/\/xn--hftessamlarna-bfb.se\/?page_id=1029"},"modified":"2014-01-22T10:15:45","modified_gmt":"2014-01-22T09:15:45","slug":"h550-julpost-utrikes-2003","status":"publish","type":"page","link":"https:\/\/xn--hftessamlarna-bfb.se\/?page_id=1029","title":{"rendered":"H550 Jul 2003 &#8211; Jul i Sundborn"},"content":{"rendered":"<p><a href=\"http:\/\/xn--hftessamlarna-bfb.se\/?attachment_id=2228\" rel=\"attachment wp-att-2228\"><img loading=\"lazy\" decoding=\"async\" class=\"aligncenter size-full wp-image-2228\" title=\"H550\" alt=\"\" src=\"http:\/\/xn--hftessamlarna-bfb.se\/wp-content\/uploads\/H550.jpg\" width=\"960\" height=\"628\" srcset=\"https:\/\/xn--hftessamlarna-bfb.se\/wp-content\/uploads\/H550.jpg 960w, https:\/\/xn--hftessamlarna-bfb.se\/wp-content\/uploads\/H550-150x98.jpg 150w, https:\/\/xn--hftessamlarna-bfb.se\/wp-content\/uploads\/H550-300x196.jpg 300w, https:\/\/xn--hftessamlarna-bfb.se\/wp-content\/uploads\/H550-458x300.jpg 458w\" sizes=\"auto, (max-width: 960px) 100vw, 960px\" \/><\/a>Utgivningsdag 2003-11-10<br \/>\nF 2397 &#8211; 2398<br \/>\n10 x 9 kr, tv\u00e5 motiv<br \/>\nTryckta i 4 f\u00e4rger offset i 3:e Goebelpressen<br \/>\nOmslaget \u00e4r tryckt i Giebelerpressen<br \/>\nInh\u00e4ftningen har gjorts i den 5:e h\u00e4ftesmaskinen<br \/>\n17 punkters streckperforering<\/p>\n<h2>Markeringar<\/h2>\n<p>centralt regm<br \/>\nRT 7 x 2 mm svart<br \/>\ncyls 1 fana\/fot<br \/>\ncyls 2 fot\/slinga<br \/>\nhelt kn BS<\/p>\n<h2>&#8221;Ryggtryck&#8221; p\u00e5 fel sida<\/h2>\n<p>\u00c4r detta ett ryggtryck eller bara &#8221;avsmet&#8221; fr\u00e5n n\u00e5gon vals? Trycket \u00e4r visserligen lite svagt, men ser ut som ett riktigt ryggtryck. N\u00e5gon som har ett liknade h\u00e4fte f\u00e5r g\u00e4rna h\u00f6ra av sig till redaktionen.<\/p>\n<p>Kommentarer fr\u00e5n Postens tryckeri:<br \/>\n&#8221;<em>Som vi ser det s\u00e5 kan det bara ha h\u00e4nt genom att man bytt h\u00e4ften i f\u00e4rdiga h\u00e4ftesbunten. N\u00e5got av h\u00e4ftena har d\u00e5 hamnat upp och ner i bunten och d\u00e4rf\u00f6r tagit f\u00e4rg fr\u00e5n intilliggande h\u00e4fte. Det kan nog bara ha h\u00e4nt i samband med buntning av h\u00e4ften. Den skiva som ger ryggtrycket kan inte heller flyttas ut s\u00e5 l\u00e5ngt till kanten av h\u00e4ftet.<\/em>&#8221;<\/p>\n<div id=\"attachment_3801\" style=\"width: 218px\" class=\"wp-caption alignleft\"><a href=\"http:\/\/xn--hftessamlarna-bfb.se\/?attachment_id=3801\" rel=\"attachment wp-att-3801\"><img loading=\"lazy\" decoding=\"async\" aria-describedby=\"caption-attachment-3801\" class=\" wp-image-3801   \" alt=\"H550rtfelsida\" src=\"http:\/\/xn--hftessamlarna-bfb.se\/wp-content\/uploads\/H550rtfelsida.jpg\" width=\"208\" height=\"172\" srcset=\"https:\/\/xn--hftessamlarna-bfb.se\/wp-content\/uploads\/H550rtfelsida.jpg 960w, https:\/\/xn--hftessamlarna-bfb.se\/wp-content\/uploads\/H550rtfelsida-150x124.jpg 150w, https:\/\/xn--hftessamlarna-bfb.se\/wp-content\/uploads\/H550rtfelsida-300x248.jpg 300w, https:\/\/xn--hftessamlarna-bfb.se\/wp-content\/uploads\/H550rtfelsida-361x300.jpg 361w\" sizes=\"auto, (max-width: 208px) 100vw, 208px\" \/><\/a><p id=\"caption-attachment-3801\" class=\"wp-caption-text\">RT p\u00e5 fel sida<\/p><\/div>\n<p><a href=\"http:\/\/xn--hftessamlarna-bfb.se\/?attachment_id=3802\" rel=\"attachment wp-att-3802\"><img loading=\"lazy\" decoding=\"async\" class=\"alignleft  wp-image-3802\" alt=\"H550rtfelsidahel\" src=\"http:\/\/xn--hftessamlarna-bfb.se\/wp-content\/uploads\/H550rtfelsidahel.jpg\" width=\"346\" height=\"120\" srcset=\"https:\/\/xn--hftessamlarna-bfb.se\/wp-content\/uploads\/H550rtfelsidahel.jpg 960w, https:\/\/xn--hftessamlarna-bfb.se\/wp-content\/uploads\/H550rtfelsidahel-150x52.jpg 150w, https:\/\/xn--hftessamlarna-bfb.se\/wp-content\/uploads\/H550rtfelsidahel-300x104.jpg 300w, https:\/\/xn--hftessamlarna-bfb.se\/wp-content\/uploads\/H550rtfelsidahel-500x173.jpg 500w\" sizes=\"auto, (max-width: 346px) 100vw, 346px\" \/><\/a><\/p>\n<h2>Fakta om utgivningen<\/h2>\n<p>I \u00e5r kan vi fira 150-\u00e5rsminnet av konstn\u00e4ren Carl Larssons (1853- 1919) f\u00f6delse. Hans allra mest \u00e4lskade m\u00e5lningar skildrar familjelivets sm\u00e5 h\u00e4ndelser i hemmet Lilla Hyttn\u00e4s. Favoritmodellerna var hustru Karin och de egna barnen. P\u00e5 julfrim\u00e4rkena 2003 m\u00f6ter vi Carl Larssons klassiska bilder av en jul som kommer med ljus och gl\u00e4dje.<\/p>\n<p>Carl Larsson \u00e4r internationellt k\u00e4nd och uppskattad. Hans bilder f\u00e5r ocks\u00e5 sprida julst\u00e4mning p\u00e5 frim\u00e4rkena f\u00f6r julpost utrikes. Jul utrikes ges ut i h\u00e4fte om tio frim\u00e4rken med tv\u00e5 motiv. Samtliga trycks i fyrf\u00e4rgsoffset, typografi Gustav Malmfors.<\/p>\n<h2>L\u00e4s mer<\/h2>\n<p>L\u00e4nk till <a href=\"http:\/\/sv.wikipedia.org\/wiki\/Carl_Larsson\" target=\"_blank\">Wikipedia<\/a><\/p>\n","protected":false},"excerpt":{"rendered":"<p>Utgivningsdag 2003-11-10 F 2397 &#8211; 2398 10 x 9 kr, tv\u00e5 motiv Tryckta i 4 f\u00e4rger offset i 3:e Goebelpressen Omslaget \u00e4r tryckt i Giebelerpressen Inh\u00e4ftningen har gjorts i den 5:e h\u00e4ftesmaskinen 17 punkters streckperforering Markeringar centralt regm RT 7 &hellip; <a href=\"https:\/\/xn--hftessamlarna-bfb.se\/?page_id=1029\">Forts\u00e4tt l\u00e4sa <span class=\"meta-nav\">&rarr;<\/span><\/a><\/p>\n","protected":false},"author":1,"featured_media":0,"parent":2372,"menu_order":550,"comment_status":"open","ping_status":"open","template":"","meta":{"footnotes":""},"class_list":["post-1029","page","type-page","status-publish","hentry"],"_links":{"self":[{"href":"https:\/\/xn--hftessamlarna-bfb.se\/index.php?rest_route=\/wp\/v2\/pages\/1029","targetHints":{"allow":["GET"]}}],"collection":[{"href":"https:\/\/xn--hftessamlarna-bfb.se\/index.php?rest_route=\/wp\/v2\/pages"}],"about":[{"href":"https:\/\/xn--hftessamlarna-bfb.se\/index.php?rest_route=\/wp\/v2\/types\/page"}],"author":[{"embeddable":true,"href":"https:\/\/xn--hftessamlarna-bfb.se\/index.php?rest_route=\/wp\/v2\/users\/1"}],"replies":[{"embeddable":true,"href":"https:\/\/xn--hftessamlarna-bfb.se\/index.php?rest_route=%2Fwp%2Fv2%2Fcomments&post=1029"}],"version-history":[{"count":0,"href":"https:\/\/xn--hftessamlarna-bfb.se\/index.php?rest_route=\/wp\/v2\/pages\/1029\/revisions"}],"up":[{"embeddable":true,"href":"https:\/\/xn--hftessamlarna-bfb.se\/index.php?rest_route=\/wp\/v2\/pages\/2372"}],"wp:attachment":[{"href":"https:\/\/xn--hftessamlarna-bfb.se\/index.php?rest_route=%2Fwp%2Fv2%2Fmedia&parent=1029"}],"curies":[{"name":"wp","href":"https:\/\/api.w.org\/{rel}","templated":true}]}}