{"id":1019,"date":"2011-10-31T06:45:52","date_gmt":"2011-10-31T04:45:52","guid":{"rendered":"http:\/\/xn--hftessamlarna-bfb.se\/?page_id=1019"},"modified":"2020-01-31T12:35:04","modified_gmt":"2020-01-31T11:35:04","slug":"h552-en-doft-av-karlek","status":"publish","type":"page","link":"https:\/\/xn--hftessamlarna-bfb.se\/?page_id=1019","title":{"rendered":"H552 En doft av k\u00e4rlek"},"content":{"rendered":"<p><a href=\"http:\/\/xn--hftessamlarna-bfb.se\/?attachment_id=2250\" rel=\"attachment wp-att-2250\"><img loading=\"lazy\" decoding=\"async\" class=\"aligncenter size-full wp-image-2250\" title=\"H552\" src=\"http:\/\/xn--hftessamlarna-bfb.se\/wp-content\/uploads\/H552.jpg\" alt=\"\" width=\"960\" height=\"449\" srcset=\"https:\/\/xn--hftessamlarna-bfb.se\/wp-content\/uploads\/H552.jpg 960w, https:\/\/xn--hftessamlarna-bfb.se\/wp-content\/uploads\/H552-150x70.jpg 150w, https:\/\/xn--hftessamlarna-bfb.se\/wp-content\/uploads\/H552-300x140.jpg 300w, https:\/\/xn--hftessamlarna-bfb.se\/wp-content\/uploads\/H552-500x233.jpg 500w\" sizes=\"auto, (max-width: 960px) 100vw, 960px\" \/><\/a>Utgivningsdag 2004-01-26<br \/>\nF 2404 &#8211; 2408<br \/>\n10 x inrikes brev, fem motiv<br \/>\nTryckta i 4 f\u00e4rger offset i 3:e Goebelpressen.<br \/>\nOmslaget \u00e4r tryckt i Giebelerpressen.<br \/>\n12 punkters streckperforering.<\/p>\n<h2>Typer<\/h2>\n<p><strong>A<\/strong> Sl\u00e4tt omslag utan punktm\u00f6nster.<br \/>\n<strong>B<\/strong> Omslag med punktm\u00f6nster p\u00e5 sidan I.<\/p>\n<h2>Nyuppt\u00e4ckta inpr\u00e4glingar<\/h2>\n<div id=\"attachment_6018\" style=\"width: 310px\" class=\"wp-caption alignnone\"><a href=\"http:\/\/xn--hftessamlarna-bfb.se\/wp-content\/uploads\/H552_sidII.jpg\"><img loading=\"lazy\" decoding=\"async\" aria-describedby=\"caption-attachment-6018\" class=\"size-medium wp-image-6018\" src=\"http:\/\/xn--hftessamlarna-bfb.se\/wp-content\/uploads\/H552_sidII-300x225.jpg\" alt=\"\" width=\"300\" height=\"225\" srcset=\"https:\/\/xn--hftessamlarna-bfb.se\/wp-content\/uploads\/H552_sidII-300x225.jpg 300w, https:\/\/xn--hftessamlarna-bfb.se\/wp-content\/uploads\/H552_sidII-150x113.jpg 150w, https:\/\/xn--hftessamlarna-bfb.se\/wp-content\/uploads\/H552_sidII-400x300.jpg 400w, https:\/\/xn--hftessamlarna-bfb.se\/wp-content\/uploads\/H552_sidII.jpg 640w\" sizes=\"auto, (max-width: 300px) 100vw, 300px\" \/><\/a><p id=\"caption-attachment-6018\" class=\"wp-caption-text\">inpr\u00e4glingar sid II<\/p><\/div>\n<p>P\u00e5 sida II av omslaget kan texten \u201dFormgivning av frim\u00e4rkena:\u201d f\u00f6ljas av en rad inpr\u00e4glingar. Det kan vara sp\u00e5r av n\u00e5gon frammatningsmekasnism. Sp\u00e5ren \u00e4r vanliga och finns b\u00e5de p\u00e5 H552A och H552B. Sp\u00e5ren \u00e4r olika tydliga. Det finns \u00e4kta par av cyls 2, d\u00e4r det ena h\u00e4ftet har tydliga pr\u00e4glingar, men det andra h\u00e4ftet saknar dem helt. D\u00e5 pr\u00e4glingarna varierar mycket planeras ingen indelning av H552 med avseende p\u00e5 f\u00f6rekomst av dessa pr\u00e4glingar. Liknande pr\u00e4glingar finns ocks\u00e5 i <a href=\"http:\/\/xn--hftessamlarna-bfb.se\/?page_id=1520\">H585 Cyklar<\/a>.<\/p>\n<h2>Markeringar<\/h2>\n<p>RT 7,2 x 1,8 mm svart<br \/>\ncyls 1<br \/>\ncyls 2 fot\/slinga<br \/>\nhelt kn BS<\/p>\n","protected":false},"excerpt":{"rendered":"<p>Utgivningsdag 2004-01-26 F 2404 &#8211; 2408 10 x inrikes brev, fem motiv Tryckta i 4 f\u00e4rger offset i 3:e Goebelpressen. Omslaget \u00e4r tryckt i Giebelerpressen. 12 punkters streckperforering. Typer A Sl\u00e4tt omslag utan punktm\u00f6nster. B Omslag med punktm\u00f6nster p\u00e5 sidan &hellip; <a href=\"https:\/\/xn--hftessamlarna-bfb.se\/?page_id=1019\">Forts\u00e4tt l\u00e4sa <span class=\"meta-nav\">&rarr;<\/span><\/a><\/p>\n","protected":false},"author":1,"featured_media":0,"parent":2372,"menu_order":552,"comment_status":"open","ping_status":"open","template":"","meta":{"footnotes":""},"class_list":["post-1019","page","type-page","status-publish","hentry"],"_links":{"self":[{"href":"https:\/\/xn--hftessamlarna-bfb.se\/index.php?rest_route=\/wp\/v2\/pages\/1019","targetHints":{"allow":["GET"]}}],"collection":[{"href":"https:\/\/xn--hftessamlarna-bfb.se\/index.php?rest_route=\/wp\/v2\/pages"}],"about":[{"href":"https:\/\/xn--hftessamlarna-bfb.se\/index.php?rest_route=\/wp\/v2\/types\/page"}],"author":[{"embeddable":true,"href":"https:\/\/xn--hftessamlarna-bfb.se\/index.php?rest_route=\/wp\/v2\/users\/1"}],"replies":[{"embeddable":true,"href":"https:\/\/xn--hftessamlarna-bfb.se\/index.php?rest_route=%2Fwp%2Fv2%2Fcomments&post=1019"}],"version-history":[{"count":0,"href":"https:\/\/xn--hftessamlarna-bfb.se\/index.php?rest_route=\/wp\/v2\/pages\/1019\/revisions"}],"up":[{"embeddable":true,"href":"https:\/\/xn--hftessamlarna-bfb.se\/index.php?rest_route=\/wp\/v2\/pages\/2372"}],"wp:attachment":[{"href":"https:\/\/xn--hftessamlarna-bfb.se\/index.php?rest_route=%2Fwp%2Fv2%2Fmedia&parent=1019"}],"curies":[{"name":"wp","href":"https:\/\/api.w.org\/{rel}","templated":true}]}}