{"id":1009,"date":"2011-10-30T12:35:33","date_gmt":"2011-10-30T10:35:33","guid":{"rendered":"http:\/\/xn--hftessamlarna-bfb.se\/?page_id=1009"},"modified":"2015-11-07T17:26:37","modified_gmt":"2015-11-07T16:26:37","slug":"h545-julpost-2002","status":"publish","type":"page","link":"https:\/\/xn--hftessamlarna-bfb.se\/?page_id=1009","title":{"rendered":"H545 Jul 2002 &#8211; Kyrkor i juletid"},"content":{"rendered":"<p><a href=\"http:\/\/xn--hftessamlarna-bfb.se\/?attachment_id=2236\" rel=\"attachment wp-att-2236\"><img loading=\"lazy\" decoding=\"async\" class=\"aligncenter size-full wp-image-2236\" title=\"H545\" src=\"http:\/\/xn--hftessamlarna-bfb.se\/wp-content\/uploads\/H545.jpg\" alt=\"\" width=\"960\" height=\"635\" srcset=\"https:\/\/xn--hftessamlarna-bfb.se\/wp-content\/uploads\/H545.jpg 960w, https:\/\/xn--hftessamlarna-bfb.se\/wp-content\/uploads\/H545-150x99.jpg 150w, https:\/\/xn--hftessamlarna-bfb.se\/wp-content\/uploads\/H545-300x198.jpg 300w, https:\/\/xn--hftessamlarna-bfb.se\/wp-content\/uploads\/H545-453x300.jpg 453w\" sizes=\"auto, (max-width: 960px) 100vw, 960px\" \/><\/a>Utgivningsdag 2002-11-21<br \/>\nF 2344 &#8211; 2347<br \/>\n10 x 8 kr utrikes brev, 4 motiv<br \/>\nTryckta i 4 f\u00e4rger offset i 3:e Goebelpressen<br \/>\nOmslaget \u00e4r tryckt i Giebelerpressen<br \/>\nInh\u00e4ftningen har gjorts i den 5:e h\u00e4ftesmaskinen<br \/>\n17 punkters streckperforering i rygg<br \/>\nH\u00e4ftet inneh\u00e5ller ocks\u00e5 ett block med 10 prioritaireetiketter, sammanh\u00e4ngande med frim\u00e4rkena genom ett \u201dgutter\u201d, vilket fungerar som inh\u00e4ftningsremsa<\/p>\n<h2>Markeringar<\/h2>\n<p>delat regm<br \/>\nRT 7,2 x 1,8 mm svart<br \/>\ncyls 1<br \/>\ncyls 2<br \/>\nhelt kn BS<\/p>\n<h2>\u00d6vrigt<\/h2>\n<p>En svag gulf\u00e4rgning p\u00e5 omslagets yttersida upptill och nertill kan f\u00f6rekomma.<\/p>\n<h2>Olika nyanser p\u00e5 prioritaire etiketter<\/h2>\n<div id=\"attachment_5171\" style=\"width: 310px\" class=\"wp-caption alignleft\"><a href=\"http:\/\/xn--hftessamlarna-bfb.se\/wp-content\/uploads\/H545prioritaire.jpg\"><img loading=\"lazy\" decoding=\"async\" aria-describedby=\"caption-attachment-5171\" class=\"wp-image-5171 size-medium\" src=\"http:\/\/xn--hftessamlarna-bfb.se\/wp-content\/uploads\/H545prioritaire-300x105.jpg\" alt=\"H545prioritaire\" width=\"300\" height=\"105\" srcset=\"https:\/\/xn--hftessamlarna-bfb.se\/wp-content\/uploads\/H545prioritaire-300x105.jpg 300w, https:\/\/xn--hftessamlarna-bfb.se\/wp-content\/uploads\/H545prioritaire-150x53.jpg 150w, https:\/\/xn--hftessamlarna-bfb.se\/wp-content\/uploads\/H545prioritaire-500x175.jpg 500w, https:\/\/xn--hftessamlarna-bfb.se\/wp-content\/uploads\/H545prioritaire.jpg 960w\" sizes=\"auto, (max-width: 300px) 100vw, 300px\" \/><\/a><p id=\"caption-attachment-5171\" class=\"wp-caption-text\">olika nya nyaser p\u00e5 proritaire etikett. Det m\u00f6rka fr\u00e5n kn0 och det ljusa fr\u00e5n kn1<\/p><\/div>\n","protected":false},"excerpt":{"rendered":"<p>Utgivningsdag 2002-11-21 F 2344 &#8211; 2347 10 x 8 kr utrikes brev, 4 motiv Tryckta i 4 f\u00e4rger offset i 3:e Goebelpressen Omslaget \u00e4r tryckt i Giebelerpressen Inh\u00e4ftningen har gjorts i den 5:e h\u00e4ftesmaskinen 17 punkters streckperforering i rygg H\u00e4ftet &hellip; <a href=\"https:\/\/xn--hftessamlarna-bfb.se\/?page_id=1009\">Forts\u00e4tt l\u00e4sa <span class=\"meta-nav\">&rarr;<\/span><\/a><\/p>\n","protected":false},"author":1,"featured_media":0,"parent":2372,"menu_order":545,"comment_status":"open","ping_status":"open","template":"","meta":{"footnotes":""},"class_list":["post-1009","page","type-page","status-publish","hentry"],"_links":{"self":[{"href":"https:\/\/xn--hftessamlarna-bfb.se\/index.php?rest_route=\/wp\/v2\/pages\/1009","targetHints":{"allow":["GET"]}}],"collection":[{"href":"https:\/\/xn--hftessamlarna-bfb.se\/index.php?rest_route=\/wp\/v2\/pages"}],"about":[{"href":"https:\/\/xn--hftessamlarna-bfb.se\/index.php?rest_route=\/wp\/v2\/types\/page"}],"author":[{"embeddable":true,"href":"https:\/\/xn--hftessamlarna-bfb.se\/index.php?rest_route=\/wp\/v2\/users\/1"}],"replies":[{"embeddable":true,"href":"https:\/\/xn--hftessamlarna-bfb.se\/index.php?rest_route=%2Fwp%2Fv2%2Fcomments&post=1009"}],"version-history":[{"count":0,"href":"https:\/\/xn--hftessamlarna-bfb.se\/index.php?rest_route=\/wp\/v2\/pages\/1009\/revisions"}],"up":[{"embeddable":true,"href":"https:\/\/xn--hftessamlarna-bfb.se\/index.php?rest_route=\/wp\/v2\/pages\/2372"}],"wp:attachment":[{"href":"https:\/\/xn--hftessamlarna-bfb.se\/index.php?rest_route=%2Fwp%2Fv2%2Fmedia&parent=1009"}],"curies":[{"name":"wp","href":"https:\/\/api.w.org\/{rel}","templated":true}]}}